{"id":10799,"date":"2025-02-12T00:10:20","date_gmt":"2025-02-11T23:10:20","guid":{"rendered":"https:\/\/trofeusabm.com\/?post_type=product&#038;p=10799"},"modified":"2025-02-12T00:36:53","modified_gmt":"2025-02-11T23:36:53","slug":"trofeu-esportiu-en-vidre-amb-motiu-esportiu-a-tot-color-copia","status":"publish","type":"product","link":"https:\/\/trofeusabm.com\/ca\/producto\/trofeu-esportiu-en-vidre-amb-motiu-esportiu-a-tot-color-copia\/","title":{"rendered":"Trofeu Esportiu en Cristall Rod\u00f3 amb Peanya i Motiu Esportiu a Tot Color"},"content":{"rendered":"<p>Trofeu de cristall rod\u00f3 amb una elegant peanya de cristall. Presenta un motiu esportiu a tot color i una plaqueta personalitzada amb gravaci\u00f3 a tot color. Perfecte per a qualsevol competici\u00f3.  <\/p>\n","protected":false},"excerpt":{"rendered":"<p>Trofeu de cristall rod\u00f3 amb motiu esportiu a tot color i la plaqueta personalitzada.<\/p>\n","protected":false},"featured_media":10809,"comment_status":"open","ping_status":"closed","template":"","meta":[],"product_brand":[],"product_cat":[398],"product_tag":[],"class_list":{"0":"post-10799","1":"product","2":"type-product","3":"status-publish","4":"has-post-thumbnail","6":"product_cat-trofeus","7":"wcpa_has_options","9":"first","10":"instock","11":"taxable","12":"shipping-taxable","13":"purchasable","14":"product-type-variable"},"yoast_head":"<!-- This site is optimized with the Yoast SEO Premium plugin v22.8 (Yoast SEO v27.1) - https:\/\/yoast.com\/product\/yoast-seo-premium-wordpress\/ -->\n<title>Trofeu Esportiu en Cristall Rod\u00f3 amb Peanya i Motiu Esportiu a Tot Color - Trofeos ABM<\/title>\n<meta name=\"description\" content=\"Trofeu de cristall rod\u00f3 amb motiu esportiu a tot color i la plaqueta personalitzada. Dissenyat exclusivament per a tu per Trofeus ABM.\" \/>\n<meta name=\"robots\" content=\"index, follow, max-snippet:-1, max-image-preview:large, max-video-preview:-1\" \/>\n<link rel=\"canonical\" href=\"https:\/\/trofeusabm.com\/ca\/producto\/trofeu-esportiu-en-vidre-amb-motiu-esportiu-a-tot-color-copia\/\" \/>\n<meta property=\"og:locale\" content=\"ca_ES\" \/>\n<meta property=\"og:type\" content=\"article\" \/>\n<meta property=\"og:title\" content=\"Trofeu Esportiu en Cristall Rod\u00f3 amb Peanya i Motiu Esportiu a Tot Color\" \/>\n<meta property=\"og:description\" content=\"Trofeu de cristall rod\u00f3 amb motiu esportiu a tot color i la plaqueta personalitzada. Dissenyat exclusivament per a tu per Trofeus ABM.\" \/>\n<meta property=\"og:url\" content=\"https:\/\/trofeusabm.com\/ca\/producto\/trofeu-esportiu-en-vidre-amb-motiu-esportiu-a-tot-color-copia\/\" \/>\n<meta property=\"og:site_name\" content=\"Trofeos ABM\" \/>\n<meta property=\"article:modified_time\" content=\"2025-02-11T23:36:53+00:00\" \/>\n<meta property=\"og:image\" content=\"https:\/\/trofeusabm.com\/wp-content\/uploads\/2025\/02\/1375_result.webp\" \/>\n\t<meta property=\"og:image:width\" content=\"600\" \/>\n\t<meta property=\"og:image:height\" content=\"600\" \/>\n\t<meta property=\"og:image:type\" content=\"image\/webp\" \/>\n<meta name=\"twitter:card\" content=\"summary_large_image\" \/>\n<script type=\"application\/ld+json\" class=\"yoast-schema-graph\">{\"@context\":\"https:\/\/schema.org\",\"@graph\":[{\"@type\":\"WebPage\",\"@id\":\"https:\/\/trofeusabm.com\/ca\/producto\/trofeu-esportiu-en-vidre-amb-motiu-esportiu-a-tot-color-copia\/\",\"url\":\"https:\/\/trofeusabm.com\/ca\/producto\/trofeu-esportiu-en-vidre-amb-motiu-esportiu-a-tot-color-copia\/\",\"name\":\"Trofeu Esportiu en Cristall Rod\u00f3 amb Peanya i Motiu Esportiu a Tot Color - Trofeos ABM\",\"isPartOf\":{\"@id\":\"https:\/\/trofeusabm.com\/ca\/#website\"},\"primaryImageOfPage\":{\"@id\":\"https:\/\/trofeusabm.com\/ca\/producto\/trofeu-esportiu-en-vidre-amb-motiu-esportiu-a-tot-color-copia\/#primaryimage\"},\"image\":{\"@id\":\"https:\/\/trofeusabm.com\/ca\/producto\/trofeu-esportiu-en-vidre-amb-motiu-esportiu-a-tot-color-copia\/#primaryimage\"},\"thumbnailUrl\":\"https:\/\/trofeusabm.com\/wp-content\/uploads\/2025\/02\/1375_result.webp\",\"datePublished\":\"2025-02-11T23:10:20+00:00\",\"dateModified\":\"2025-02-11T23:36:53+00:00\",\"description\":\"Trofeu de cristall rod\u00f3 amb motiu esportiu a tot color i la plaqueta personalitzada. Dissenyat exclusivament per a tu per Trofeus ABM.\",\"breadcrumb\":{\"@id\":\"https:\/\/trofeusabm.com\/ca\/producto\/trofeu-esportiu-en-vidre-amb-motiu-esportiu-a-tot-color-copia\/#breadcrumb\"},\"inLanguage\":\"ca\",\"potentialAction\":[{\"@type\":\"ReadAction\",\"target\":[\"https:\/\/trofeusabm.com\/ca\/producto\/trofeu-esportiu-en-vidre-amb-motiu-esportiu-a-tot-color-copia\/\"]}]},{\"@type\":\"ImageObject\",\"inLanguage\":\"ca\",\"@id\":\"https:\/\/trofeusabm.com\/ca\/producto\/trofeu-esportiu-en-vidre-amb-motiu-esportiu-a-tot-color-copia\/#primaryimage\",\"url\":\"https:\/\/trofeusabm.com\/wp-content\/uploads\/2025\/02\/1375_result.webp\",\"contentUrl\":\"https:\/\/trofeusabm.com\/wp-content\/uploads\/2025\/02\/1375_result.webp\",\"width\":600,\"height\":600,\"caption\":\"Trofeu Esportiu en Cristall Rod\u00f3 amb Peanya i Motiu Esportiu a Tot Color 1375\"},{\"@type\":\"BreadcrumbList\",\"@id\":\"https:\/\/trofeusabm.com\/ca\/producto\/trofeu-esportiu-en-vidre-amb-motiu-esportiu-a-tot-color-copia\/#breadcrumb\",\"itemListElement\":[{\"@type\":\"ListItem\",\"position\":1,\"name\":\"Portada\",\"item\":\"https:\/\/trofeusabm.com\/ca\/\"},{\"@type\":\"ListItem\",\"position\":2,\"name\":\"Botiga\",\"item\":\"https:\/\/trofeusabm.com\/tienda\/\"},{\"@type\":\"ListItem\",\"position\":3,\"name\":\"Trofeu Esportiu en Cristall Rod\u00f3 amb Peanya i Motiu Esportiu a Tot Color\"}]},{\"@type\":\"WebSite\",\"@id\":\"https:\/\/trofeusabm.com\/ca\/#website\",\"url\":\"https:\/\/trofeusabm.com\/ca\/\",\"name\":\"Trofeos ABM\",\"description\":\"\",\"publisher\":{\"@id\":\"https:\/\/trofeusabm.com\/ca\/#organization\"},\"potentialAction\":[{\"@type\":\"SearchAction\",\"target\":{\"@type\":\"EntryPoint\",\"urlTemplate\":\"https:\/\/trofeusabm.com\/ca\/?s={search_term_string}\"},\"query-input\":{\"@type\":\"PropertyValueSpecification\",\"valueRequired\":true,\"valueName\":\"search_term_string\"}}],\"inLanguage\":\"ca\"},{\"@type\":\"Organization\",\"@id\":\"https:\/\/trofeusabm.com\/ca\/#organization\",\"name\":\"Trofeos ABM\",\"url\":\"https:\/\/trofeusabm.com\/ca\/\",\"logo\":{\"@type\":\"ImageObject\",\"inLanguage\":\"ca\",\"@id\":\"https:\/\/trofeusabm.com\/ca\/#\/schema\/logo\/image\/\",\"url\":\"https:\/\/trofeusabm.com\/wp-content\/uploads\/2024\/08\/logo-1665059948.png\",\"contentUrl\":\"https:\/\/trofeusabm.com\/wp-content\/uploads\/2024\/08\/logo-1665059948.png\",\"width\":320,\"height\":80,\"caption\":\"Trofeos ABM\"},\"image\":{\"@id\":\"https:\/\/trofeusabm.com\/ca\/#\/schema\/logo\/image\/\"}}]}<\/script>\n<!-- \/ Yoast SEO Premium plugin. -->","yoast_head_json":{"title":"Trofeu Esportiu en Cristall Rod\u00f3 amb Peanya i Motiu Esportiu a Tot Color - Trofeos ABM","description":"Trofeu de cristall rod\u00f3 amb motiu esportiu a tot color i la plaqueta personalitzada. Dissenyat exclusivament per a tu per Trofeus ABM.","robots":{"index":"index","follow":"follow","max-snippet":"max-snippet:-1","max-image-preview":"max-image-preview:large","max-video-preview":"max-video-preview:-1"},"canonical":"https:\/\/trofeusabm.com\/ca\/producto\/trofeu-esportiu-en-vidre-amb-motiu-esportiu-a-tot-color-copia\/","og_locale":"ca_ES","og_type":"article","og_title":"Trofeu Esportiu en Cristall Rod\u00f3 amb Peanya i Motiu Esportiu a Tot Color","og_description":"Trofeu de cristall rod\u00f3 amb motiu esportiu a tot color i la plaqueta personalitzada. Dissenyat exclusivament per a tu per Trofeus ABM.","og_url":"https:\/\/trofeusabm.com\/ca\/producto\/trofeu-esportiu-en-vidre-amb-motiu-esportiu-a-tot-color-copia\/","og_site_name":"Trofeos ABM","article_modified_time":"2025-02-11T23:36:53+00:00","og_image":[{"width":600,"height":600,"url":"https:\/\/trofeusabm.com\/wp-content\/uploads\/2025\/02\/1375_result.webp","type":"image\/webp"}],"twitter_card":"summary_large_image","schema":{"@context":"https:\/\/schema.org","@graph":[{"@type":"WebPage","@id":"https:\/\/trofeusabm.com\/ca\/producto\/trofeu-esportiu-en-vidre-amb-motiu-esportiu-a-tot-color-copia\/","url":"https:\/\/trofeusabm.com\/ca\/producto\/trofeu-esportiu-en-vidre-amb-motiu-esportiu-a-tot-color-copia\/","name":"Trofeu Esportiu en Cristall Rod\u00f3 amb Peanya i Motiu Esportiu a Tot Color - Trofeos ABM","isPartOf":{"@id":"https:\/\/trofeusabm.com\/ca\/#website"},"primaryImageOfPage":{"@id":"https:\/\/trofeusabm.com\/ca\/producto\/trofeu-esportiu-en-vidre-amb-motiu-esportiu-a-tot-color-copia\/#primaryimage"},"image":{"@id":"https:\/\/trofeusabm.com\/ca\/producto\/trofeu-esportiu-en-vidre-amb-motiu-esportiu-a-tot-color-copia\/#primaryimage"},"thumbnailUrl":"https:\/\/trofeusabm.com\/wp-content\/uploads\/2025\/02\/1375_result.webp","datePublished":"2025-02-11T23:10:20+00:00","dateModified":"2025-02-11T23:36:53+00:00","description":"Trofeu de cristall rod\u00f3 amb motiu esportiu a tot color i la plaqueta personalitzada. Dissenyat exclusivament per a tu per Trofeus ABM.","breadcrumb":{"@id":"https:\/\/trofeusabm.com\/ca\/producto\/trofeu-esportiu-en-vidre-amb-motiu-esportiu-a-tot-color-copia\/#breadcrumb"},"inLanguage":"ca","potentialAction":[{"@type":"ReadAction","target":["https:\/\/trofeusabm.com\/ca\/producto\/trofeu-esportiu-en-vidre-amb-motiu-esportiu-a-tot-color-copia\/"]}]},{"@type":"ImageObject","inLanguage":"ca","@id":"https:\/\/trofeusabm.com\/ca\/producto\/trofeu-esportiu-en-vidre-amb-motiu-esportiu-a-tot-color-copia\/#primaryimage","url":"https:\/\/trofeusabm.com\/wp-content\/uploads\/2025\/02\/1375_result.webp","contentUrl":"https:\/\/trofeusabm.com\/wp-content\/uploads\/2025\/02\/1375_result.webp","width":600,"height":600,"caption":"Trofeu Esportiu en Cristall Rod\u00f3 amb Peanya i Motiu Esportiu a Tot Color 1375"},{"@type":"BreadcrumbList","@id":"https:\/\/trofeusabm.com\/ca\/producto\/trofeu-esportiu-en-vidre-amb-motiu-esportiu-a-tot-color-copia\/#breadcrumb","itemListElement":[{"@type":"ListItem","position":1,"name":"Portada","item":"https:\/\/trofeusabm.com\/ca\/"},{"@type":"ListItem","position":2,"name":"Botiga","item":"https:\/\/trofeusabm.com\/tienda\/"},{"@type":"ListItem","position":3,"name":"Trofeu Esportiu en Cristall Rod\u00f3 amb Peanya i Motiu Esportiu a Tot Color"}]},{"@type":"WebSite","@id":"https:\/\/trofeusabm.com\/ca\/#website","url":"https:\/\/trofeusabm.com\/ca\/","name":"Trofeos ABM","description":"","publisher":{"@id":"https:\/\/trofeusabm.com\/ca\/#organization"},"potentialAction":[{"@type":"SearchAction","target":{"@type":"EntryPoint","urlTemplate":"https:\/\/trofeusabm.com\/ca\/?s={search_term_string}"},"query-input":{"@type":"PropertyValueSpecification","valueRequired":true,"valueName":"search_term_string"}}],"inLanguage":"ca"},{"@type":"Organization","@id":"https:\/\/trofeusabm.com\/ca\/#organization","name":"Trofeos ABM","url":"https:\/\/trofeusabm.com\/ca\/","logo":{"@type":"ImageObject","inLanguage":"ca","@id":"https:\/\/trofeusabm.com\/ca\/#\/schema\/logo\/image\/","url":"https:\/\/trofeusabm.com\/wp-content\/uploads\/2024\/08\/logo-1665059948.png","contentUrl":"https:\/\/trofeusabm.com\/wp-content\/uploads\/2024\/08\/logo-1665059948.png","width":320,"height":80,"caption":"Trofeos ABM"},"image":{"@id":"https:\/\/trofeusabm.com\/ca\/#\/schema\/logo\/image\/"}}]}},"_links":{"self":[{"href":"https:\/\/trofeusabm.com\/ca\/wp-json\/wp\/v2\/product\/10799","targetHints":{"allow":["GET"]}}],"collection":[{"href":"https:\/\/trofeusabm.com\/ca\/wp-json\/wp\/v2\/product"}],"about":[{"href":"https:\/\/trofeusabm.com\/ca\/wp-json\/wp\/v2\/types\/product"}],"replies":[{"embeddable":true,"href":"https:\/\/trofeusabm.com\/ca\/wp-json\/wp\/v2\/comments?post=10799"}],"version-history":[{"count":2,"href":"https:\/\/trofeusabm.com\/ca\/wp-json\/wp\/v2\/product\/10799\/revisions"}],"predecessor-version":[{"id":10820,"href":"https:\/\/trofeusabm.com\/ca\/wp-json\/wp\/v2\/product\/10799\/revisions\/10820"}],"wp:featuredmedia":[{"embeddable":true,"href":"https:\/\/trofeusabm.com\/ca\/wp-json\/wp\/v2\/media\/10809"}],"wp:attachment":[{"href":"https:\/\/trofeusabm.com\/ca\/wp-json\/wp\/v2\/media?parent=10799"}],"wp:term":[{"taxonomy":"product_brand","embeddable":true,"href":"https:\/\/trofeusabm.com\/ca\/wp-json\/wp\/v2\/product_brand?post=10799"},{"taxonomy":"product_cat","embeddable":true,"href":"https:\/\/trofeusabm.com\/ca\/wp-json\/wp\/v2\/product_cat?post=10799"},{"taxonomy":"product_tag","embeddable":true,"href":"https:\/\/trofeusabm.com\/ca\/wp-json\/wp\/v2\/product_tag?post=10799"}],"curies":[{"name":"wp","href":"https:\/\/api.w.org\/{rel}","templated":true}]}}