{"id":11356,"date":"2025-02-26T17:10:50","date_gmt":"2025-02-26T16:10:50","guid":{"rendered":"https:\/\/trofeusabm.com\/?post_type=product&#038;p=11356"},"modified":"2025-02-26T17:23:24","modified_gmt":"2025-02-26T16:23:24","slug":"trofeu-esportiu-abstracte-bisellat-amb-peanya-gruixuda-i-superficie-de-gravat-amplia-copia","status":"publish","type":"product","link":"https:\/\/trofeusabm.com\/ca\/producto\/trofeu-esportiu-abstracte-bisellat-amb-peanya-gruixuda-i-superficie-de-gravat-amplia-copia\/","title":{"rendered":"Placa d&#8217;Homenatge de Cristall Rectangular amb Suport de Metacrilat i Gravat en L\u00e0ser"},"content":{"rendered":"<p>Placa d&#8217;homenatge de cristall rectangular amb suport de metacrilat transparent, ideal per a reconeixements especials. La seva \u00e0mplia superf\u00edcie de gravat permet personalitzar logotip i text en l\u00e0ser, oferint un disseny elegant i sofisticat. <\/p>\n","protected":false},"excerpt":{"rendered":"<p>Placa de cristall amb suport de metacrilat i gravat en l\u00e0ser, ideal per a homenatges i reconeixements.<\/p>\n","protected":false},"featured_media":11362,"comment_status":"open","ping_status":"closed","template":"","meta":[],"product_brand":[],"product_cat":[395],"product_tag":[],"class_list":{"0":"post-11356","1":"product","2":"type-product","3":"status-publish","4":"has-post-thumbnail","6":"product_cat-plaques-dhomenatge","7":"wcpa_has_options","9":"first","10":"instock","11":"taxable","12":"shipping-taxable","13":"purchasable","14":"product-type-variable"},"yoast_head":"<!-- This site is optimized with the Yoast SEO Premium plugin v22.8 (Yoast SEO v27.1) - https:\/\/yoast.com\/product\/yoast-seo-premium-wordpress\/ -->\n<title>Placa d&#039;Homenatge de Cristall Rectangular amb Suport de Metacrilat i Gravat en L\u00e0ser - Trofeos ABM<\/title>\n<meta name=\"description\" content=\"Placa d&#039;homenatge de cristall amb suport de metacrilat i gravat en l\u00e0ser. \u00c0mplia superf\u00edcie de personalitzaci\u00f3 per a reconeixements especials.\" \/>\n<meta name=\"robots\" content=\"index, follow, max-snippet:-1, max-image-preview:large, max-video-preview:-1\" \/>\n<link rel=\"canonical\" href=\"https:\/\/trofeusabm.com\/ca\/producto\/trofeu-esportiu-abstracte-bisellat-amb-peanya-gruixuda-i-superficie-de-gravat-amplia-copia\/\" \/>\n<meta property=\"og:locale\" content=\"ca_ES\" \/>\n<meta property=\"og:type\" content=\"article\" \/>\n<meta property=\"og:title\" content=\"Placa d&#039;Homenatge de Cristall Rectangular amb Suport de Metacrilat i Gravat en L\u00e0ser\" \/>\n<meta property=\"og:description\" content=\"Placa d&#039;homenatge de cristall amb suport de metacrilat i gravat en l\u00e0ser. \u00c0mplia superf\u00edcie de personalitzaci\u00f3 per a reconeixements especials.\" \/>\n<meta property=\"og:url\" content=\"https:\/\/trofeusabm.com\/ca\/producto\/trofeu-esportiu-abstracte-bisellat-amb-peanya-gruixuda-i-superficie-de-gravat-amplia-copia\/\" \/>\n<meta property=\"og:site_name\" content=\"Trofeos ABM\" \/>\n<meta property=\"article:modified_time\" content=\"2025-02-26T16:23:24+00:00\" \/>\n<meta property=\"og:image\" content=\"https:\/\/trofeusabm.com\/wp-content\/uploads\/2025\/02\/1033-1.webp\" \/>\n\t<meta property=\"og:image:width\" content=\"800\" \/>\n\t<meta property=\"og:image:height\" content=\"800\" \/>\n\t<meta property=\"og:image:type\" content=\"image\/webp\" \/>\n<meta name=\"twitter:card\" content=\"summary_large_image\" \/>\n<script type=\"application\/ld+json\" class=\"yoast-schema-graph\">{\"@context\":\"https:\/\/schema.org\",\"@graph\":[{\"@type\":\"WebPage\",\"@id\":\"https:\/\/trofeusabm.com\/ca\/producto\/trofeu-esportiu-abstracte-bisellat-amb-peanya-gruixuda-i-superficie-de-gravat-amplia-copia\/\",\"url\":\"https:\/\/trofeusabm.com\/ca\/producto\/trofeu-esportiu-abstracte-bisellat-amb-peanya-gruixuda-i-superficie-de-gravat-amplia-copia\/\",\"name\":\"Placa d'Homenatge de Cristall Rectangular amb Suport de Metacrilat i Gravat en L\u00e0ser - Trofeos ABM\",\"isPartOf\":{\"@id\":\"https:\/\/trofeusabm.com\/ca\/#website\"},\"primaryImageOfPage\":{\"@id\":\"https:\/\/trofeusabm.com\/ca\/producto\/trofeu-esportiu-abstracte-bisellat-amb-peanya-gruixuda-i-superficie-de-gravat-amplia-copia\/#primaryimage\"},\"image\":{\"@id\":\"https:\/\/trofeusabm.com\/ca\/producto\/trofeu-esportiu-abstracte-bisellat-amb-peanya-gruixuda-i-superficie-de-gravat-amplia-copia\/#primaryimage\"},\"thumbnailUrl\":\"https:\/\/trofeusabm.com\/wp-content\/uploads\/2025\/02\/1033-1.webp\",\"datePublished\":\"2025-02-26T16:10:50+00:00\",\"dateModified\":\"2025-02-26T16:23:24+00:00\",\"description\":\"Placa d'homenatge de cristall amb suport de metacrilat i gravat en l\u00e0ser. \u00c0mplia superf\u00edcie de personalitzaci\u00f3 per a reconeixements especials.\",\"breadcrumb\":{\"@id\":\"https:\/\/trofeusabm.com\/ca\/producto\/trofeu-esportiu-abstracte-bisellat-amb-peanya-gruixuda-i-superficie-de-gravat-amplia-copia\/#breadcrumb\"},\"inLanguage\":\"ca\",\"potentialAction\":[{\"@type\":\"ReadAction\",\"target\":[\"https:\/\/trofeusabm.com\/ca\/producto\/trofeu-esportiu-abstracte-bisellat-amb-peanya-gruixuda-i-superficie-de-gravat-amplia-copia\/\"]}]},{\"@type\":\"ImageObject\",\"inLanguage\":\"ca\",\"@id\":\"https:\/\/trofeusabm.com\/ca\/producto\/trofeu-esportiu-abstracte-bisellat-amb-peanya-gruixuda-i-superficie-de-gravat-amplia-copia\/#primaryimage\",\"url\":\"https:\/\/trofeusabm.com\/wp-content\/uploads\/2025\/02\/1033-1.webp\",\"contentUrl\":\"https:\/\/trofeusabm.com\/wp-content\/uploads\/2025\/02\/1033-1.webp\",\"width\":800,\"height\":800,\"caption\":\"Placa d'Homenatge de Cristall Rectangular amb Suport de Metacrilat i Gravat en L\u00e0ser 1033\"},{\"@type\":\"BreadcrumbList\",\"@id\":\"https:\/\/trofeusabm.com\/ca\/producto\/trofeu-esportiu-abstracte-bisellat-amb-peanya-gruixuda-i-superficie-de-gravat-amplia-copia\/#breadcrumb\",\"itemListElement\":[{\"@type\":\"ListItem\",\"position\":1,\"name\":\"Portada\",\"item\":\"https:\/\/trofeusabm.com\/ca\/\"},{\"@type\":\"ListItem\",\"position\":2,\"name\":\"Botiga\",\"item\":\"https:\/\/trofeusabm.com\/tienda\/\"},{\"@type\":\"ListItem\",\"position\":3,\"name\":\"Placa d&#8217;Homenatge de Cristall Rectangular amb Suport de Metacrilat i Gravat en L\u00e0ser\"}]},{\"@type\":\"WebSite\",\"@id\":\"https:\/\/trofeusabm.com\/ca\/#website\",\"url\":\"https:\/\/trofeusabm.com\/ca\/\",\"name\":\"Trofeos ABM\",\"description\":\"\",\"publisher\":{\"@id\":\"https:\/\/trofeusabm.com\/ca\/#organization\"},\"potentialAction\":[{\"@type\":\"SearchAction\",\"target\":{\"@type\":\"EntryPoint\",\"urlTemplate\":\"https:\/\/trofeusabm.com\/ca\/?s={search_term_string}\"},\"query-input\":{\"@type\":\"PropertyValueSpecification\",\"valueRequired\":true,\"valueName\":\"search_term_string\"}}],\"inLanguage\":\"ca\"},{\"@type\":\"Organization\",\"@id\":\"https:\/\/trofeusabm.com\/ca\/#organization\",\"name\":\"Trofeos ABM\",\"url\":\"https:\/\/trofeusabm.com\/ca\/\",\"logo\":{\"@type\":\"ImageObject\",\"inLanguage\":\"ca\",\"@id\":\"https:\/\/trofeusabm.com\/ca\/#\/schema\/logo\/image\/\",\"url\":\"https:\/\/trofeusabm.com\/wp-content\/uploads\/2024\/08\/logo-1665059948.png\",\"contentUrl\":\"https:\/\/trofeusabm.com\/wp-content\/uploads\/2024\/08\/logo-1665059948.png\",\"width\":320,\"height\":80,\"caption\":\"Trofeos ABM\"},\"image\":{\"@id\":\"https:\/\/trofeusabm.com\/ca\/#\/schema\/logo\/image\/\"}}]}<\/script>\n<!-- \/ Yoast SEO Premium plugin. -->","yoast_head_json":{"title":"Placa d'Homenatge de Cristall Rectangular amb Suport de Metacrilat i Gravat en L\u00e0ser - Trofeos ABM","description":"Placa d'homenatge de cristall amb suport de metacrilat i gravat en l\u00e0ser. \u00c0mplia superf\u00edcie de personalitzaci\u00f3 per a reconeixements especials.","robots":{"index":"index","follow":"follow","max-snippet":"max-snippet:-1","max-image-preview":"max-image-preview:large","max-video-preview":"max-video-preview:-1"},"canonical":"https:\/\/trofeusabm.com\/ca\/producto\/trofeu-esportiu-abstracte-bisellat-amb-peanya-gruixuda-i-superficie-de-gravat-amplia-copia\/","og_locale":"ca_ES","og_type":"article","og_title":"Placa d'Homenatge de Cristall Rectangular amb Suport de Metacrilat i Gravat en L\u00e0ser","og_description":"Placa d'homenatge de cristall amb suport de metacrilat i gravat en l\u00e0ser. \u00c0mplia superf\u00edcie de personalitzaci\u00f3 per a reconeixements especials.","og_url":"https:\/\/trofeusabm.com\/ca\/producto\/trofeu-esportiu-abstracte-bisellat-amb-peanya-gruixuda-i-superficie-de-gravat-amplia-copia\/","og_site_name":"Trofeos ABM","article_modified_time":"2025-02-26T16:23:24+00:00","og_image":[{"width":800,"height":800,"url":"https:\/\/trofeusabm.com\/wp-content\/uploads\/2025\/02\/1033-1.webp","type":"image\/webp"}],"twitter_card":"summary_large_image","schema":{"@context":"https:\/\/schema.org","@graph":[{"@type":"WebPage","@id":"https:\/\/trofeusabm.com\/ca\/producto\/trofeu-esportiu-abstracte-bisellat-amb-peanya-gruixuda-i-superficie-de-gravat-amplia-copia\/","url":"https:\/\/trofeusabm.com\/ca\/producto\/trofeu-esportiu-abstracte-bisellat-amb-peanya-gruixuda-i-superficie-de-gravat-amplia-copia\/","name":"Placa d'Homenatge de Cristall Rectangular amb Suport de Metacrilat i Gravat en L\u00e0ser - Trofeos ABM","isPartOf":{"@id":"https:\/\/trofeusabm.com\/ca\/#website"},"primaryImageOfPage":{"@id":"https:\/\/trofeusabm.com\/ca\/producto\/trofeu-esportiu-abstracte-bisellat-amb-peanya-gruixuda-i-superficie-de-gravat-amplia-copia\/#primaryimage"},"image":{"@id":"https:\/\/trofeusabm.com\/ca\/producto\/trofeu-esportiu-abstracte-bisellat-amb-peanya-gruixuda-i-superficie-de-gravat-amplia-copia\/#primaryimage"},"thumbnailUrl":"https:\/\/trofeusabm.com\/wp-content\/uploads\/2025\/02\/1033-1.webp","datePublished":"2025-02-26T16:10:50+00:00","dateModified":"2025-02-26T16:23:24+00:00","description":"Placa d'homenatge de cristall amb suport de metacrilat i gravat en l\u00e0ser. \u00c0mplia superf\u00edcie de personalitzaci\u00f3 per a reconeixements especials.","breadcrumb":{"@id":"https:\/\/trofeusabm.com\/ca\/producto\/trofeu-esportiu-abstracte-bisellat-amb-peanya-gruixuda-i-superficie-de-gravat-amplia-copia\/#breadcrumb"},"inLanguage":"ca","potentialAction":[{"@type":"ReadAction","target":["https:\/\/trofeusabm.com\/ca\/producto\/trofeu-esportiu-abstracte-bisellat-amb-peanya-gruixuda-i-superficie-de-gravat-amplia-copia\/"]}]},{"@type":"ImageObject","inLanguage":"ca","@id":"https:\/\/trofeusabm.com\/ca\/producto\/trofeu-esportiu-abstracte-bisellat-amb-peanya-gruixuda-i-superficie-de-gravat-amplia-copia\/#primaryimage","url":"https:\/\/trofeusabm.com\/wp-content\/uploads\/2025\/02\/1033-1.webp","contentUrl":"https:\/\/trofeusabm.com\/wp-content\/uploads\/2025\/02\/1033-1.webp","width":800,"height":800,"caption":"Placa d'Homenatge de Cristall Rectangular amb Suport de Metacrilat i Gravat en L\u00e0ser 1033"},{"@type":"BreadcrumbList","@id":"https:\/\/trofeusabm.com\/ca\/producto\/trofeu-esportiu-abstracte-bisellat-amb-peanya-gruixuda-i-superficie-de-gravat-amplia-copia\/#breadcrumb","itemListElement":[{"@type":"ListItem","position":1,"name":"Portada","item":"https:\/\/trofeusabm.com\/ca\/"},{"@type":"ListItem","position":2,"name":"Botiga","item":"https:\/\/trofeusabm.com\/tienda\/"},{"@type":"ListItem","position":3,"name":"Placa d&#8217;Homenatge de Cristall Rectangular amb Suport de Metacrilat i Gravat en L\u00e0ser"}]},{"@type":"WebSite","@id":"https:\/\/trofeusabm.com\/ca\/#website","url":"https:\/\/trofeusabm.com\/ca\/","name":"Trofeos ABM","description":"","publisher":{"@id":"https:\/\/trofeusabm.com\/ca\/#organization"},"potentialAction":[{"@type":"SearchAction","target":{"@type":"EntryPoint","urlTemplate":"https:\/\/trofeusabm.com\/ca\/?s={search_term_string}"},"query-input":{"@type":"PropertyValueSpecification","valueRequired":true,"valueName":"search_term_string"}}],"inLanguage":"ca"},{"@type":"Organization","@id":"https:\/\/trofeusabm.com\/ca\/#organization","name":"Trofeos ABM","url":"https:\/\/trofeusabm.com\/ca\/","logo":{"@type":"ImageObject","inLanguage":"ca","@id":"https:\/\/trofeusabm.com\/ca\/#\/schema\/logo\/image\/","url":"https:\/\/trofeusabm.com\/wp-content\/uploads\/2024\/08\/logo-1665059948.png","contentUrl":"https:\/\/trofeusabm.com\/wp-content\/uploads\/2024\/08\/logo-1665059948.png","width":320,"height":80,"caption":"Trofeos ABM"},"image":{"@id":"https:\/\/trofeusabm.com\/ca\/#\/schema\/logo\/image\/"}}]}},"_links":{"self":[{"href":"https:\/\/trofeusabm.com\/ca\/wp-json\/wp\/v2\/product\/11356","targetHints":{"allow":["GET"]}}],"collection":[{"href":"https:\/\/trofeusabm.com\/ca\/wp-json\/wp\/v2\/product"}],"about":[{"href":"https:\/\/trofeusabm.com\/ca\/wp-json\/wp\/v2\/types\/product"}],"replies":[{"embeddable":true,"href":"https:\/\/trofeusabm.com\/ca\/wp-json\/wp\/v2\/comments?post=11356"}],"version-history":[{"count":1,"href":"https:\/\/trofeusabm.com\/ca\/wp-json\/wp\/v2\/product\/11356\/revisions"}],"predecessor-version":[{"id":11370,"href":"https:\/\/trofeusabm.com\/ca\/wp-json\/wp\/v2\/product\/11356\/revisions\/11370"}],"wp:featuredmedia":[{"embeddable":true,"href":"https:\/\/trofeusabm.com\/ca\/wp-json\/wp\/v2\/media\/11362"}],"wp:attachment":[{"href":"https:\/\/trofeusabm.com\/ca\/wp-json\/wp\/v2\/media?parent=11356"}],"wp:term":[{"taxonomy":"product_brand","embeddable":true,"href":"https:\/\/trofeusabm.com\/ca\/wp-json\/wp\/v2\/product_brand?post=11356"},{"taxonomy":"product_cat","embeddable":true,"href":"https:\/\/trofeusabm.com\/ca\/wp-json\/wp\/v2\/product_cat?post=11356"},{"taxonomy":"product_tag","embeddable":true,"href":"https:\/\/trofeusabm.com\/ca\/wp-json\/wp\/v2\/product_tag?post=11356"}],"curies":[{"name":"wp","href":"https:\/\/api.w.org\/{rel}","templated":true}]}}