{"id":11632,"date":"2025-03-01T13:27:17","date_gmt":"2025-03-01T12:27:17","guid":{"rendered":"https:\/\/trofeusabm.com\/?post_type=product&#038;p=11632"},"modified":"2025-03-01T13:39:05","modified_gmt":"2025-03-01T12:39:05","slug":"copa-esportiva-de-cristall-3d-amb-peanya-de-marbre-personalitzable-copia","status":"publish","type":"product","link":"https:\/\/trofeusabm.com\/ca\/producto\/copa-esportiva-de-cristall-3d-amb-peanya-de-marbre-personalitzable-copia\/","title":{"rendered":"Trofeu Esportiu en Fusta i Pilota de Cristall \u2013 Personalitzable"},"content":{"rendered":"<p>Trofeu esportiu \u00fanic en fusta amb una elegant pilota de cristall i peanya fosca. Inclou el gravat en l\u00e0ser o a tot color del logotip i text, personalitzant el teu trofeu per a fer-lo encara m\u00e9s especial. Disponible per als esports de Futbol, B\u00e0squet, Golf, Petanca, Tennis i P\u00e0del.  <\/p>\n","protected":false},"excerpt":{"rendered":"<p>Trofeu en fusta i pilota de cristall, amb gravat a l\u00e0ser o a tot color. Disponible en diversos esports. <\/p>\n","protected":false},"featured_media":11637,"comment_status":"open","ping_status":"closed","template":"","meta":[],"product_brand":[],"product_cat":[398],"product_tag":[],"class_list":{"0":"post-11632","1":"product","2":"type-product","3":"status-publish","4":"has-post-thumbnail","6":"product_cat-trofeus","7":"pa_atr-deportes-basquet","8":"pa_atr-deportes-futbol-ca","9":"pa_atr-deportes-golf-ca","10":"pa_atr-deportes-padel-ca","11":"pa_atr-deportes-petanca-ca","12":"pa_atr-deportes-tennis","13":"wcpa_has_options","15":"first","16":"instock","17":"taxable","18":"shipping-taxable","19":"purchasable","20":"product-type-variable"},"yoast_head":"<!-- This site is optimized with the Yoast SEO Premium plugin v22.8 (Yoast SEO v27.5) - https:\/\/yoast.com\/product\/yoast-seo-premium-wordpress\/ -->\n<title>Trofeu Esportiu en Fusta i Pilota de Cristall \u2013 Personalitzable - Trofeos ABM<\/title>\n<meta name=\"description\" content=\"Trofeu esportiu en fusta i pilota de cristall, amb gravat personalitzable. Disponible en Futbol, B\u00e0squet, Golf, Petanca, Tennis i P\u00e0del.\" \/>\n<meta name=\"robots\" content=\"index, follow, max-snippet:-1, max-image-preview:large, max-video-preview:-1\" \/>\n<link rel=\"canonical\" href=\"https:\/\/trofeusabm.com\/ca\/producto\/copa-esportiva-de-cristall-3d-amb-peanya-de-marbre-personalitzable-copia\/\" \/>\n<meta property=\"og:locale\" content=\"ca_ES\" \/>\n<meta property=\"og:type\" content=\"article\" \/>\n<meta property=\"og:title\" content=\"Trofeu Esportiu en Fusta i Pilota de Cristall \u2013 Personalitzable\" \/>\n<meta property=\"og:description\" content=\"Trofeu esportiu en fusta i pilota de cristall, amb gravat personalitzable. Disponible en Futbol, B\u00e0squet, Golf, Petanca, Tennis i P\u00e0del.\" \/>\n<meta property=\"og:url\" content=\"https:\/\/trofeusabm.com\/ca\/producto\/copa-esportiva-de-cristall-3d-amb-peanya-de-marbre-personalitzable-copia\/\" \/>\n<meta property=\"og:site_name\" content=\"Trofeos ABM\" \/>\n<meta property=\"article:modified_time\" content=\"2025-03-01T12:39:05+00:00\" \/>\n<meta property=\"og:image\" content=\"https:\/\/trofeusabm.com\/wp-content\/uploads\/2025\/03\/1064-1.webp\" \/>\n\t<meta property=\"og:image:width\" content=\"800\" \/>\n\t<meta property=\"og:image:height\" content=\"800\" \/>\n\t<meta property=\"og:image:type\" content=\"image\/webp\" \/>\n<meta name=\"twitter:card\" content=\"summary_large_image\" \/>\n<meta name=\"twitter:label1\" content=\"Temps estimat de lectura\" \/>\n\t<meta name=\"twitter:data1\" content=\"1 minut\" \/>\n<script type=\"application\/ld+json\" class=\"yoast-schema-graph\">{\"@context\":\"https:\\\/\\\/schema.org\",\"@graph\":[{\"@type\":\"WebPage\",\"@id\":\"https:\\\/\\\/trofeusabm.com\\\/ca\\\/producto\\\/copa-esportiva-de-cristall-3d-amb-peanya-de-marbre-personalitzable-copia\\\/\",\"url\":\"https:\\\/\\\/trofeusabm.com\\\/ca\\\/producto\\\/copa-esportiva-de-cristall-3d-amb-peanya-de-marbre-personalitzable-copia\\\/\",\"name\":\"Trofeu Esportiu en Fusta i Pilota de Cristall \u2013 Personalitzable - Trofeos ABM\",\"isPartOf\":{\"@id\":\"https:\\\/\\\/trofeusabm.com\\\/ca\\\/#website\"},\"primaryImageOfPage\":{\"@id\":\"https:\\\/\\\/trofeusabm.com\\\/ca\\\/producto\\\/copa-esportiva-de-cristall-3d-amb-peanya-de-marbre-personalitzable-copia\\\/#primaryimage\"},\"image\":{\"@id\":\"https:\\\/\\\/trofeusabm.com\\\/ca\\\/producto\\\/copa-esportiva-de-cristall-3d-amb-peanya-de-marbre-personalitzable-copia\\\/#primaryimage\"},\"thumbnailUrl\":\"https:\\\/\\\/trofeusabm.com\\\/wp-content\\\/uploads\\\/2025\\\/03\\\/1064-1.webp\",\"datePublished\":\"2025-03-01T12:27:17+00:00\",\"dateModified\":\"2025-03-01T12:39:05+00:00\",\"description\":\"Trofeu esportiu en fusta i pilota de cristall, amb gravat personalitzable. Disponible en Futbol, B\u00e0squet, Golf, Petanca, Tennis i P\u00e0del.\",\"breadcrumb\":{\"@id\":\"https:\\\/\\\/trofeusabm.com\\\/ca\\\/producto\\\/copa-esportiva-de-cristall-3d-amb-peanya-de-marbre-personalitzable-copia\\\/#breadcrumb\"},\"inLanguage\":\"ca\",\"potentialAction\":[{\"@type\":\"ReadAction\",\"target\":[\"https:\\\/\\\/trofeusabm.com\\\/ca\\\/producto\\\/copa-esportiva-de-cristall-3d-amb-peanya-de-marbre-personalitzable-copia\\\/\"]}]},{\"@type\":\"ImageObject\",\"inLanguage\":\"ca\",\"@id\":\"https:\\\/\\\/trofeusabm.com\\\/ca\\\/producto\\\/copa-esportiva-de-cristall-3d-amb-peanya-de-marbre-personalitzable-copia\\\/#primaryimage\",\"url\":\"https:\\\/\\\/trofeusabm.com\\\/wp-content\\\/uploads\\\/2025\\\/03\\\/1064-1.webp\",\"contentUrl\":\"https:\\\/\\\/trofeusabm.com\\\/wp-content\\\/uploads\\\/2025\\\/03\\\/1064-1.webp\",\"width\":800,\"height\":800,\"caption\":\"Trofeu Esportiu en Fusta i Pilota de Cristall \u2013 Personalitzable 1064\"},{\"@type\":\"BreadcrumbList\",\"@id\":\"https:\\\/\\\/trofeusabm.com\\\/ca\\\/producto\\\/copa-esportiva-de-cristall-3d-amb-peanya-de-marbre-personalitzable-copia\\\/#breadcrumb\",\"itemListElement\":[{\"@type\":\"ListItem\",\"position\":1,\"name\":\"Portada\",\"item\":\"https:\\\/\\\/trofeusabm.com\\\/ca\\\/\"},{\"@type\":\"ListItem\",\"position\":2,\"name\":\"Botiga\",\"item\":\"https:\\\/\\\/trofeusabm.com\\\/tienda\\\/\"},{\"@type\":\"ListItem\",\"position\":3,\"name\":\"Trofeu Esportiu en Fusta i Pilota de Cristall \u2013 Personalitzable\"}]},{\"@type\":\"WebSite\",\"@id\":\"https:\\\/\\\/trofeusabm.com\\\/ca\\\/#website\",\"url\":\"https:\\\/\\\/trofeusabm.com\\\/ca\\\/\",\"name\":\"Trofeos ABM\",\"description\":\"\",\"publisher\":{\"@id\":\"https:\\\/\\\/trofeusabm.com\\\/ca\\\/#organization\"},\"potentialAction\":[{\"@type\":\"SearchAction\",\"target\":{\"@type\":\"EntryPoint\",\"urlTemplate\":\"https:\\\/\\\/trofeusabm.com\\\/ca\\\/?s={search_term_string}\"},\"query-input\":{\"@type\":\"PropertyValueSpecification\",\"valueRequired\":true,\"valueName\":\"search_term_string\"}}],\"inLanguage\":\"ca\"},{\"@type\":\"Organization\",\"@id\":\"https:\\\/\\\/trofeusabm.com\\\/ca\\\/#organization\",\"name\":\"Trofeos ABM\",\"url\":\"https:\\\/\\\/trofeusabm.com\\\/ca\\\/\",\"logo\":{\"@type\":\"ImageObject\",\"inLanguage\":\"ca\",\"@id\":\"https:\\\/\\\/trofeusabm.com\\\/ca\\\/#\\\/schema\\\/logo\\\/image\\\/\",\"url\":\"https:\\\/\\\/trofeusabm.com\\\/wp-content\\\/uploads\\\/2024\\\/08\\\/logo-1665059948.png\",\"contentUrl\":\"https:\\\/\\\/trofeusabm.com\\\/wp-content\\\/uploads\\\/2024\\\/08\\\/logo-1665059948.png\",\"width\":320,\"height\":80,\"caption\":\"Trofeos ABM\"},\"image\":{\"@id\":\"https:\\\/\\\/trofeusabm.com\\\/ca\\\/#\\\/schema\\\/logo\\\/image\\\/\"}}]}<\/script>\n<!-- \/ Yoast SEO Premium plugin. -->","yoast_head_json":{"title":"Trofeu Esportiu en Fusta i Pilota de Cristall \u2013 Personalitzable - Trofeos ABM","description":"Trofeu esportiu en fusta i pilota de cristall, amb gravat personalitzable. Disponible en Futbol, B\u00e0squet, Golf, Petanca, Tennis i P\u00e0del.","robots":{"index":"index","follow":"follow","max-snippet":"max-snippet:-1","max-image-preview":"max-image-preview:large","max-video-preview":"max-video-preview:-1"},"canonical":"https:\/\/trofeusabm.com\/ca\/producto\/copa-esportiva-de-cristall-3d-amb-peanya-de-marbre-personalitzable-copia\/","og_locale":"ca_ES","og_type":"article","og_title":"Trofeu Esportiu en Fusta i Pilota de Cristall \u2013 Personalitzable","og_description":"Trofeu esportiu en fusta i pilota de cristall, amb gravat personalitzable. Disponible en Futbol, B\u00e0squet, Golf, Petanca, Tennis i P\u00e0del.","og_url":"https:\/\/trofeusabm.com\/ca\/producto\/copa-esportiva-de-cristall-3d-amb-peanya-de-marbre-personalitzable-copia\/","og_site_name":"Trofeos ABM","article_modified_time":"2025-03-01T12:39:05+00:00","og_image":[{"width":800,"height":800,"url":"https:\/\/trofeusabm.com\/wp-content\/uploads\/2025\/03\/1064-1.webp","type":"image\/webp"}],"twitter_card":"summary_large_image","twitter_misc":{"Temps estimat de lectura":"1 minut"},"schema":{"@context":"https:\/\/schema.org","@graph":[{"@type":"WebPage","@id":"https:\/\/trofeusabm.com\/ca\/producto\/copa-esportiva-de-cristall-3d-amb-peanya-de-marbre-personalitzable-copia\/","url":"https:\/\/trofeusabm.com\/ca\/producto\/copa-esportiva-de-cristall-3d-amb-peanya-de-marbre-personalitzable-copia\/","name":"Trofeu Esportiu en Fusta i Pilota de Cristall \u2013 Personalitzable - Trofeos ABM","isPartOf":{"@id":"https:\/\/trofeusabm.com\/ca\/#website"},"primaryImageOfPage":{"@id":"https:\/\/trofeusabm.com\/ca\/producto\/copa-esportiva-de-cristall-3d-amb-peanya-de-marbre-personalitzable-copia\/#primaryimage"},"image":{"@id":"https:\/\/trofeusabm.com\/ca\/producto\/copa-esportiva-de-cristall-3d-amb-peanya-de-marbre-personalitzable-copia\/#primaryimage"},"thumbnailUrl":"https:\/\/trofeusabm.com\/wp-content\/uploads\/2025\/03\/1064-1.webp","datePublished":"2025-03-01T12:27:17+00:00","dateModified":"2025-03-01T12:39:05+00:00","description":"Trofeu esportiu en fusta i pilota de cristall, amb gravat personalitzable. Disponible en Futbol, B\u00e0squet, Golf, Petanca, Tennis i P\u00e0del.","breadcrumb":{"@id":"https:\/\/trofeusabm.com\/ca\/producto\/copa-esportiva-de-cristall-3d-amb-peanya-de-marbre-personalitzable-copia\/#breadcrumb"},"inLanguage":"ca","potentialAction":[{"@type":"ReadAction","target":["https:\/\/trofeusabm.com\/ca\/producto\/copa-esportiva-de-cristall-3d-amb-peanya-de-marbre-personalitzable-copia\/"]}]},{"@type":"ImageObject","inLanguage":"ca","@id":"https:\/\/trofeusabm.com\/ca\/producto\/copa-esportiva-de-cristall-3d-amb-peanya-de-marbre-personalitzable-copia\/#primaryimage","url":"https:\/\/trofeusabm.com\/wp-content\/uploads\/2025\/03\/1064-1.webp","contentUrl":"https:\/\/trofeusabm.com\/wp-content\/uploads\/2025\/03\/1064-1.webp","width":800,"height":800,"caption":"Trofeu Esportiu en Fusta i Pilota de Cristall \u2013 Personalitzable 1064"},{"@type":"BreadcrumbList","@id":"https:\/\/trofeusabm.com\/ca\/producto\/copa-esportiva-de-cristall-3d-amb-peanya-de-marbre-personalitzable-copia\/#breadcrumb","itemListElement":[{"@type":"ListItem","position":1,"name":"Portada","item":"https:\/\/trofeusabm.com\/ca\/"},{"@type":"ListItem","position":2,"name":"Botiga","item":"https:\/\/trofeusabm.com\/tienda\/"},{"@type":"ListItem","position":3,"name":"Trofeu Esportiu en Fusta i Pilota de Cristall \u2013 Personalitzable"}]},{"@type":"WebSite","@id":"https:\/\/trofeusabm.com\/ca\/#website","url":"https:\/\/trofeusabm.com\/ca\/","name":"Trofeos ABM","description":"","publisher":{"@id":"https:\/\/trofeusabm.com\/ca\/#organization"},"potentialAction":[{"@type":"SearchAction","target":{"@type":"EntryPoint","urlTemplate":"https:\/\/trofeusabm.com\/ca\/?s={search_term_string}"},"query-input":{"@type":"PropertyValueSpecification","valueRequired":true,"valueName":"search_term_string"}}],"inLanguage":"ca"},{"@type":"Organization","@id":"https:\/\/trofeusabm.com\/ca\/#organization","name":"Trofeos ABM","url":"https:\/\/trofeusabm.com\/ca\/","logo":{"@type":"ImageObject","inLanguage":"ca","@id":"https:\/\/trofeusabm.com\/ca\/#\/schema\/logo\/image\/","url":"https:\/\/trofeusabm.com\/wp-content\/uploads\/2024\/08\/logo-1665059948.png","contentUrl":"https:\/\/trofeusabm.com\/wp-content\/uploads\/2024\/08\/logo-1665059948.png","width":320,"height":80,"caption":"Trofeos ABM"},"image":{"@id":"https:\/\/trofeusabm.com\/ca\/#\/schema\/logo\/image\/"}}]}},"_links":{"self":[{"href":"https:\/\/trofeusabm.com\/ca\/wp-json\/wp\/v2\/product\/11632","targetHints":{"allow":["GET"]}}],"collection":[{"href":"https:\/\/trofeusabm.com\/ca\/wp-json\/wp\/v2\/product"}],"about":[{"href":"https:\/\/trofeusabm.com\/ca\/wp-json\/wp\/v2\/types\/product"}],"replies":[{"embeddable":true,"href":"https:\/\/trofeusabm.com\/ca\/wp-json\/wp\/v2\/comments?post=11632"}],"version-history":[{"count":1,"href":"https:\/\/trofeusabm.com\/ca\/wp-json\/wp\/v2\/product\/11632\/revisions"}],"predecessor-version":[{"id":11642,"href":"https:\/\/trofeusabm.com\/ca\/wp-json\/wp\/v2\/product\/11632\/revisions\/11642"}],"wp:featuredmedia":[{"embeddable":true,"href":"https:\/\/trofeusabm.com\/ca\/wp-json\/wp\/v2\/media\/11637"}],"wp:attachment":[{"href":"https:\/\/trofeusabm.com\/ca\/wp-json\/wp\/v2\/media?parent=11632"}],"wp:term":[{"taxonomy":"product_brand","embeddable":true,"href":"https:\/\/trofeusabm.com\/ca\/wp-json\/wp\/v2\/product_brand?post=11632"},{"taxonomy":"product_cat","embeddable":true,"href":"https:\/\/trofeusabm.com\/ca\/wp-json\/wp\/v2\/product_cat?post=11632"},{"taxonomy":"product_tag","embeddable":true,"href":"https:\/\/trofeusabm.com\/ca\/wp-json\/wp\/v2\/product_tag?post=11632"}],"curies":[{"name":"wp","href":"https:\/\/api.w.org\/{rel}","templated":true}]}}