{"id":13325,"date":"2025-03-12T11:29:21","date_gmt":"2025-03-12T10:29:21","guid":{"rendered":"https:\/\/trofeusabm.com\/?post_type=product&#038;p=13325"},"modified":"2025-03-13T09:30:16","modified_gmt":"2025-03-13T08:30:16","slug":"copa-platejada-amb-grans-anses-i-peanya-negra-personalitzable-amb-logotip-i-text-en-color-ideal-per-a-grans-competicions","status":"publish","type":"product","link":"https:\/\/trofeusabm.com\/ca\/producto\/copa-platejada-amb-grans-anses-i-peanya-negra-personalitzable-amb-logotip-i-text-en-color-ideal-per-a-grans-competicions\/","title":{"rendered":"Copa Esportiva Platejada amb Anses Grans i Peanya Negra \u2013 Personalitzaci\u00f3 amb Logotip i Text"},"content":{"rendered":"<p><span data-sheets-root=\"1\">Aquesta copa esportiva \u00e9s perfecta per a grans competicions, amb un disseny elegant en plata llisa, anses grans i una peanya negra que real\u00e7a la seva pres\u00e8ncia. Ideal per a premiar als campions, inclou una plaquita gravada personalitzada amb el logotip i text en color, assegurant que cada detall s&#8217;adapti a l&#8217;ocasi\u00f3. <\/span><\/p>\n","protected":false},"excerpt":{"rendered":"<p><span data-sheets-root=\"1\">Copa platejada amb anses grans i peanya negra, personalitzable amb logotip i text en color, perfecta per a grans competicions.<\/span><\/p>\n","protected":false},"featured_media":13337,"comment_status":"open","ping_status":"closed","template":"","meta":[],"product_brand":[],"product_cat":[413],"product_tag":[],"class_list":{"0":"post-13325","1":"product","2":"type-product","3":"status-publish","4":"has-post-thumbnail","6":"product_cat-copes","7":"wcpa_has_options","9":"first","10":"instock","11":"taxable","12":"shipping-taxable","13":"purchasable","14":"product-type-variable"},"yoast_head":"<!-- This site is optimized with the Yoast SEO Premium plugin v22.8 (Yoast SEO v27.5) - https:\/\/yoast.com\/product\/yoast-seo-premium-wordpress\/ -->\n<title>Copa Esportiva Platejada amb Anses Grans i Peanya Negra \u2013 Personalitzaci\u00f3 amb Logotip i Text - Trofeos ABM<\/title>\n<meta name=\"description\" content=\"Copa esportiva platejada amb anses grans i peanya negra. Personalitzaci\u00f3 amb logotip i text en color, ideal per a grans competicions i premiacions.\" \/>\n<meta name=\"robots\" content=\"index, follow, max-snippet:-1, max-image-preview:large, max-video-preview:-1\" \/>\n<link rel=\"canonical\" href=\"https:\/\/trofeusabm.com\/ca\/producto\/copa-platejada-amb-grans-anses-i-peanya-negra-personalitzable-amb-logotip-i-text-en-color-ideal-per-a-grans-competicions\/\" \/>\n<meta property=\"og:locale\" content=\"ca_ES\" \/>\n<meta property=\"og:type\" content=\"article\" \/>\n<meta property=\"og:title\" content=\"Copa Esportiva Platejada amb Anses Grans i Peanya Negra \u2013 Personalitzaci\u00f3 amb Logotip i Text\" \/>\n<meta property=\"og:description\" content=\"Copa esportiva platejada amb anses grans i peanya negra. Personalitzaci\u00f3 amb logotip i text en color, ideal per a grans competicions i premiacions.\" \/>\n<meta property=\"og:url\" content=\"https:\/\/trofeusabm.com\/ca\/producto\/copa-platejada-amb-grans-anses-i-peanya-negra-personalitzable-amb-logotip-i-text-en-color-ideal-per-a-grans-competicions\/\" \/>\n<meta property=\"og:site_name\" content=\"Trofeos ABM\" \/>\n<meta property=\"article:modified_time\" content=\"2025-03-13T08:30:16+00:00\" \/>\n<meta property=\"og:image\" content=\"https:\/\/trofeusabm.com\/wp-content\/uploads\/2025\/03\/1311.webp\" \/>\n\t<meta property=\"og:image:width\" content=\"800\" \/>\n\t<meta property=\"og:image:height\" content=\"800\" \/>\n\t<meta property=\"og:image:type\" content=\"image\/webp\" \/>\n<meta name=\"twitter:card\" content=\"summary_large_image\" \/>\n<meta name=\"twitter:label1\" content=\"Temps estimat de lectura\" \/>\n\t<meta name=\"twitter:data1\" content=\"1 minut\" \/>\n<script type=\"application\/ld+json\" class=\"yoast-schema-graph\">{\"@context\":\"https:\\\/\\\/schema.org\",\"@graph\":[{\"@type\":\"WebPage\",\"@id\":\"https:\\\/\\\/trofeusabm.com\\\/ca\\\/producto\\\/copa-platejada-amb-grans-anses-i-peanya-negra-personalitzable-amb-logotip-i-text-en-color-ideal-per-a-grans-competicions\\\/\",\"url\":\"https:\\\/\\\/trofeusabm.com\\\/ca\\\/producto\\\/copa-platejada-amb-grans-anses-i-peanya-negra-personalitzable-amb-logotip-i-text-en-color-ideal-per-a-grans-competicions\\\/\",\"name\":\"Copa Esportiva Platejada amb Anses Grans i Peanya Negra \u2013 Personalitzaci\u00f3 amb Logotip i Text - Trofeos ABM\",\"isPartOf\":{\"@id\":\"https:\\\/\\\/trofeusabm.com\\\/ca\\\/#website\"},\"primaryImageOfPage\":{\"@id\":\"https:\\\/\\\/trofeusabm.com\\\/ca\\\/producto\\\/copa-platejada-amb-grans-anses-i-peanya-negra-personalitzable-amb-logotip-i-text-en-color-ideal-per-a-grans-competicions\\\/#primaryimage\"},\"image\":{\"@id\":\"https:\\\/\\\/trofeusabm.com\\\/ca\\\/producto\\\/copa-platejada-amb-grans-anses-i-peanya-negra-personalitzable-amb-logotip-i-text-en-color-ideal-per-a-grans-competicions\\\/#primaryimage\"},\"thumbnailUrl\":\"https:\\\/\\\/trofeusabm.com\\\/wp-content\\\/uploads\\\/2025\\\/03\\\/1311.webp\",\"datePublished\":\"2025-03-12T10:29:21+00:00\",\"dateModified\":\"2025-03-13T08:30:16+00:00\",\"description\":\"Copa esportiva platejada amb anses grans i peanya negra. Personalitzaci\u00f3 amb logotip i text en color, ideal per a grans competicions i premiacions.\",\"breadcrumb\":{\"@id\":\"https:\\\/\\\/trofeusabm.com\\\/ca\\\/producto\\\/copa-platejada-amb-grans-anses-i-peanya-negra-personalitzable-amb-logotip-i-text-en-color-ideal-per-a-grans-competicions\\\/#breadcrumb\"},\"inLanguage\":\"ca\",\"potentialAction\":[{\"@type\":\"ReadAction\",\"target\":[\"https:\\\/\\\/trofeusabm.com\\\/ca\\\/producto\\\/copa-platejada-amb-grans-anses-i-peanya-negra-personalitzable-amb-logotip-i-text-en-color-ideal-per-a-grans-competicions\\\/\"]}]},{\"@type\":\"ImageObject\",\"inLanguage\":\"ca\",\"@id\":\"https:\\\/\\\/trofeusabm.com\\\/ca\\\/producto\\\/copa-platejada-amb-grans-anses-i-peanya-negra-personalitzable-amb-logotip-i-text-en-color-ideal-per-a-grans-competicions\\\/#primaryimage\",\"url\":\"https:\\\/\\\/trofeusabm.com\\\/wp-content\\\/uploads\\\/2025\\\/03\\\/1311.webp\",\"contentUrl\":\"https:\\\/\\\/trofeusabm.com\\\/wp-content\\\/uploads\\\/2025\\\/03\\\/1311.webp\",\"width\":800,\"height\":800,\"caption\":\"Copa Esportiva Platejada amb Anses Grans i Peanya Negra \u2013 Personalitzaci\u00f3 amb Logotip i Text 1311\"},{\"@type\":\"BreadcrumbList\",\"@id\":\"https:\\\/\\\/trofeusabm.com\\\/ca\\\/producto\\\/copa-platejada-amb-grans-anses-i-peanya-negra-personalitzable-amb-logotip-i-text-en-color-ideal-per-a-grans-competicions\\\/#breadcrumb\",\"itemListElement\":[{\"@type\":\"ListItem\",\"position\":1,\"name\":\"Portada\",\"item\":\"https:\\\/\\\/trofeusabm.com\\\/ca\\\/\"},{\"@type\":\"ListItem\",\"position\":2,\"name\":\"Botiga\",\"item\":\"https:\\\/\\\/trofeusabm.com\\\/tienda\\\/\"},{\"@type\":\"ListItem\",\"position\":3,\"name\":\"Copa Esportiva Platejada amb Anses Grans i Peanya Negra \u2013 Personalitzaci\u00f3 amb Logotip i Text\"}]},{\"@type\":\"WebSite\",\"@id\":\"https:\\\/\\\/trofeusabm.com\\\/ca\\\/#website\",\"url\":\"https:\\\/\\\/trofeusabm.com\\\/ca\\\/\",\"name\":\"Trofeos ABM\",\"description\":\"\",\"publisher\":{\"@id\":\"https:\\\/\\\/trofeusabm.com\\\/ca\\\/#organization\"},\"potentialAction\":[{\"@type\":\"SearchAction\",\"target\":{\"@type\":\"EntryPoint\",\"urlTemplate\":\"https:\\\/\\\/trofeusabm.com\\\/ca\\\/?s={search_term_string}\"},\"query-input\":{\"@type\":\"PropertyValueSpecification\",\"valueRequired\":true,\"valueName\":\"search_term_string\"}}],\"inLanguage\":\"ca\"},{\"@type\":\"Organization\",\"@id\":\"https:\\\/\\\/trofeusabm.com\\\/ca\\\/#organization\",\"name\":\"Trofeos ABM\",\"url\":\"https:\\\/\\\/trofeusabm.com\\\/ca\\\/\",\"logo\":{\"@type\":\"ImageObject\",\"inLanguage\":\"ca\",\"@id\":\"https:\\\/\\\/trofeusabm.com\\\/ca\\\/#\\\/schema\\\/logo\\\/image\\\/\",\"url\":\"https:\\\/\\\/trofeusabm.com\\\/wp-content\\\/uploads\\\/2024\\\/08\\\/logo-1665059948.png\",\"contentUrl\":\"https:\\\/\\\/trofeusabm.com\\\/wp-content\\\/uploads\\\/2024\\\/08\\\/logo-1665059948.png\",\"width\":320,\"height\":80,\"caption\":\"Trofeos ABM\"},\"image\":{\"@id\":\"https:\\\/\\\/trofeusabm.com\\\/ca\\\/#\\\/schema\\\/logo\\\/image\\\/\"}}]}<\/script>\n<!-- \/ Yoast SEO Premium plugin. -->","yoast_head_json":{"title":"Copa Esportiva Platejada amb Anses Grans i Peanya Negra \u2013 Personalitzaci\u00f3 amb Logotip i Text - Trofeos ABM","description":"Copa esportiva platejada amb anses grans i peanya negra. Personalitzaci\u00f3 amb logotip i text en color, ideal per a grans competicions i premiacions.","robots":{"index":"index","follow":"follow","max-snippet":"max-snippet:-1","max-image-preview":"max-image-preview:large","max-video-preview":"max-video-preview:-1"},"canonical":"https:\/\/trofeusabm.com\/ca\/producto\/copa-platejada-amb-grans-anses-i-peanya-negra-personalitzable-amb-logotip-i-text-en-color-ideal-per-a-grans-competicions\/","og_locale":"ca_ES","og_type":"article","og_title":"Copa Esportiva Platejada amb Anses Grans i Peanya Negra \u2013 Personalitzaci\u00f3 amb Logotip i Text","og_description":"Copa esportiva platejada amb anses grans i peanya negra. Personalitzaci\u00f3 amb logotip i text en color, ideal per a grans competicions i premiacions.","og_url":"https:\/\/trofeusabm.com\/ca\/producto\/copa-platejada-amb-grans-anses-i-peanya-negra-personalitzable-amb-logotip-i-text-en-color-ideal-per-a-grans-competicions\/","og_site_name":"Trofeos ABM","article_modified_time":"2025-03-13T08:30:16+00:00","og_image":[{"width":800,"height":800,"url":"https:\/\/trofeusabm.com\/wp-content\/uploads\/2025\/03\/1311.webp","type":"image\/webp"}],"twitter_card":"summary_large_image","twitter_misc":{"Temps estimat de lectura":"1 minut"},"schema":{"@context":"https:\/\/schema.org","@graph":[{"@type":"WebPage","@id":"https:\/\/trofeusabm.com\/ca\/producto\/copa-platejada-amb-grans-anses-i-peanya-negra-personalitzable-amb-logotip-i-text-en-color-ideal-per-a-grans-competicions\/","url":"https:\/\/trofeusabm.com\/ca\/producto\/copa-platejada-amb-grans-anses-i-peanya-negra-personalitzable-amb-logotip-i-text-en-color-ideal-per-a-grans-competicions\/","name":"Copa Esportiva Platejada amb Anses Grans i Peanya Negra \u2013 Personalitzaci\u00f3 amb Logotip i Text - Trofeos ABM","isPartOf":{"@id":"https:\/\/trofeusabm.com\/ca\/#website"},"primaryImageOfPage":{"@id":"https:\/\/trofeusabm.com\/ca\/producto\/copa-platejada-amb-grans-anses-i-peanya-negra-personalitzable-amb-logotip-i-text-en-color-ideal-per-a-grans-competicions\/#primaryimage"},"image":{"@id":"https:\/\/trofeusabm.com\/ca\/producto\/copa-platejada-amb-grans-anses-i-peanya-negra-personalitzable-amb-logotip-i-text-en-color-ideal-per-a-grans-competicions\/#primaryimage"},"thumbnailUrl":"https:\/\/trofeusabm.com\/wp-content\/uploads\/2025\/03\/1311.webp","datePublished":"2025-03-12T10:29:21+00:00","dateModified":"2025-03-13T08:30:16+00:00","description":"Copa esportiva platejada amb anses grans i peanya negra. Personalitzaci\u00f3 amb logotip i text en color, ideal per a grans competicions i premiacions.","breadcrumb":{"@id":"https:\/\/trofeusabm.com\/ca\/producto\/copa-platejada-amb-grans-anses-i-peanya-negra-personalitzable-amb-logotip-i-text-en-color-ideal-per-a-grans-competicions\/#breadcrumb"},"inLanguage":"ca","potentialAction":[{"@type":"ReadAction","target":["https:\/\/trofeusabm.com\/ca\/producto\/copa-platejada-amb-grans-anses-i-peanya-negra-personalitzable-amb-logotip-i-text-en-color-ideal-per-a-grans-competicions\/"]}]},{"@type":"ImageObject","inLanguage":"ca","@id":"https:\/\/trofeusabm.com\/ca\/producto\/copa-platejada-amb-grans-anses-i-peanya-negra-personalitzable-amb-logotip-i-text-en-color-ideal-per-a-grans-competicions\/#primaryimage","url":"https:\/\/trofeusabm.com\/wp-content\/uploads\/2025\/03\/1311.webp","contentUrl":"https:\/\/trofeusabm.com\/wp-content\/uploads\/2025\/03\/1311.webp","width":800,"height":800,"caption":"Copa Esportiva Platejada amb Anses Grans i Peanya Negra \u2013 Personalitzaci\u00f3 amb Logotip i Text 1311"},{"@type":"BreadcrumbList","@id":"https:\/\/trofeusabm.com\/ca\/producto\/copa-platejada-amb-grans-anses-i-peanya-negra-personalitzable-amb-logotip-i-text-en-color-ideal-per-a-grans-competicions\/#breadcrumb","itemListElement":[{"@type":"ListItem","position":1,"name":"Portada","item":"https:\/\/trofeusabm.com\/ca\/"},{"@type":"ListItem","position":2,"name":"Botiga","item":"https:\/\/trofeusabm.com\/tienda\/"},{"@type":"ListItem","position":3,"name":"Copa Esportiva Platejada amb Anses Grans i Peanya Negra \u2013 Personalitzaci\u00f3 amb Logotip i Text"}]},{"@type":"WebSite","@id":"https:\/\/trofeusabm.com\/ca\/#website","url":"https:\/\/trofeusabm.com\/ca\/","name":"Trofeos ABM","description":"","publisher":{"@id":"https:\/\/trofeusabm.com\/ca\/#organization"},"potentialAction":[{"@type":"SearchAction","target":{"@type":"EntryPoint","urlTemplate":"https:\/\/trofeusabm.com\/ca\/?s={search_term_string}"},"query-input":{"@type":"PropertyValueSpecification","valueRequired":true,"valueName":"search_term_string"}}],"inLanguage":"ca"},{"@type":"Organization","@id":"https:\/\/trofeusabm.com\/ca\/#organization","name":"Trofeos ABM","url":"https:\/\/trofeusabm.com\/ca\/","logo":{"@type":"ImageObject","inLanguage":"ca","@id":"https:\/\/trofeusabm.com\/ca\/#\/schema\/logo\/image\/","url":"https:\/\/trofeusabm.com\/wp-content\/uploads\/2024\/08\/logo-1665059948.png","contentUrl":"https:\/\/trofeusabm.com\/wp-content\/uploads\/2024\/08\/logo-1665059948.png","width":320,"height":80,"caption":"Trofeos ABM"},"image":{"@id":"https:\/\/trofeusabm.com\/ca\/#\/schema\/logo\/image\/"}}]}},"_links":{"self":[{"href":"https:\/\/trofeusabm.com\/ca\/wp-json\/wp\/v2\/product\/13325","targetHints":{"allow":["GET"]}}],"collection":[{"href":"https:\/\/trofeusabm.com\/ca\/wp-json\/wp\/v2\/product"}],"about":[{"href":"https:\/\/trofeusabm.com\/ca\/wp-json\/wp\/v2\/types\/product"}],"replies":[{"embeddable":true,"href":"https:\/\/trofeusabm.com\/ca\/wp-json\/wp\/v2\/comments?post=13325"}],"version-history":[{"count":2,"href":"https:\/\/trofeusabm.com\/ca\/wp-json\/wp\/v2\/product\/13325\/revisions"}],"predecessor-version":[{"id":13544,"href":"https:\/\/trofeusabm.com\/ca\/wp-json\/wp\/v2\/product\/13325\/revisions\/13544"}],"wp:featuredmedia":[{"embeddable":true,"href":"https:\/\/trofeusabm.com\/ca\/wp-json\/wp\/v2\/media\/13337"}],"wp:attachment":[{"href":"https:\/\/trofeusabm.com\/ca\/wp-json\/wp\/v2\/media?parent=13325"}],"wp:term":[{"taxonomy":"product_brand","embeddable":true,"href":"https:\/\/trofeusabm.com\/ca\/wp-json\/wp\/v2\/product_brand?post=13325"},{"taxonomy":"product_cat","embeddable":true,"href":"https:\/\/trofeusabm.com\/ca\/wp-json\/wp\/v2\/product_cat?post=13325"},{"taxonomy":"product_tag","embeddable":true,"href":"https:\/\/trofeusabm.com\/ca\/wp-json\/wp\/v2\/product_tag?post=13325"}],"curies":[{"name":"wp","href":"https:\/\/api.w.org\/{rel}","templated":true}]}}