{"id":13554,"date":"2025-03-13T09:31:53","date_gmt":"2025-03-13T08:31:53","guid":{"rendered":"https:\/\/trofeusabm.com\/?post_type=product&#038;p=13554"},"modified":"2025-03-13T09:40:57","modified_gmt":"2025-03-13T08:40:57","slug":"copa-esportiva-gran-platejada-llisa-amb-anses-i-peanya-de-fusta-color-caoba-personalitzacio-de-logotip-i-text-copia","status":"publish","type":"product","link":"https:\/\/trofeusabm.com\/ca\/producto\/copa-esportiva-gran-platejada-llisa-amb-anses-i-peanya-de-fusta-color-caoba-personalitzacio-de-logotip-i-text-copia\/","title":{"rendered":"Copa Esportiva de Columnes amb Figura Esportiva &#8211; Personalitzaci\u00f3 de Logotip i Text"},"content":{"rendered":"<p>La copa esportiva de columnes \u00e9s una opci\u00f3 destacada per a premiaciones, dissenyada amb una elegant figura esportiva que ressalta el dinamisme de la compet\u00e8ncia. Aquesta copa inclou una plaquita gravada amb el logotip i el text en color, assegurant una personalitzaci\u00f3 \u00fanica per a cada esdeveniment. Disponible en tots els esports, \u00e9s ideal per a premiar als millors.  <\/p>\n","protected":false},"excerpt":{"rendered":"<p>Copa esportiva de columnes amb figura esportiva, plaquita gravada amb logotip i text en color, disponible en tots els esports.<\/p>\n","protected":false},"featured_media":13575,"comment_status":"open","ping_status":"closed","template":"","meta":[],"product_brand":[],"product_cat":[413],"product_tag":[],"class_list":{"0":"post-13554","1":"product","2":"type-product","3":"status-publish","4":"has-post-thumbnail","6":"product_cat-copes","7":"pa_atr-deportes-agility-ca","8":"pa_atr-deportes-aixecament-de-pesos","9":"pa_atr-deportes-animadora-ca","10":"pa_atr-deportes-arts-marcials","11":"pa_atr-deportes-atletisme","12":"pa_atr-deportes-badminton-ca","13":"pa_atr-deportes-baile-ca","14":"pa_atr-deportes-balonmano-ca","15":"pa_atr-deportes-basquet","16":"pa_atr-deportes-beisbol-ca","17":"pa_atr-deportes-billar-ca","18":"pa_atr-deportes-bitlles","19":"pa_atr-deportes-bolets","20":"pa_atr-deportes-boxa","21":"pa_atr-deportes-canaricultura-ca","22":"pa_atr-deportes-cartes","23":"pa_atr-deportes-ciclisme","24":"pa_atr-deportes-criquet-ca","25":"pa_atr-deportes-dards","26":"pa_atr-deportes-domino-ca","27":"pa_atr-deportes-escalada-ca","28":"pa_atr-deportes-esgrima-ca","29":"pa_atr-deportes-esqui-ca","30":"pa_atr-deportes-esqui-nautic","31":"pa_atr-deportes-euskal-kirolak-ca","32":"pa_atr-deportes-excursionisme","33":"pa_atr-deportes-fronto","34":"pa_atr-deportes-futbol-ca","35":"pa_atr-deportes-futbol-america","36":"pa_atr-deportes-futboli","37":"pa_atr-deportes-gimnastica","38":"pa_atr-deportes-golf-ca","39":"pa_atr-deportes-hipica-ca","40":"pa_atr-deportes-hockey-ca","41":"pa_atr-deportes-monopati","42":"pa_atr-deportes-motor-ca","43":"pa_atr-deportes-motos-daigua","44":"pa_atr-deportes-mountain-bike-ca","45":"pa_atr-deportes-natacio","46":"pa_atr-deportes-ocells","47":"pa_atr-deportes-padel-ca","48":"pa_atr-deportes-paintball-ca","49":"pa_atr-deportes-parapent","50":"pa_atr-deportes-parxis","51":"pa_atr-deportes-patinatge","52":"pa_atr-deportes-pesca-ca","53":"pa_atr-deportes-petanca-ca","54":"pa_atr-deportes-pilota-basca","55":"pa_atr-deportes-ping-pong-ca","56":"pa_atr-deportes-piraguisme","57":"pa_atr-deportes-puzzle-ca","58":"pa_atr-deportes-rem","59":"pa_atr-deportes-scalextric-ca","60":"pa_atr-deportes-snowboard-ca","61":"pa_atr-deportes-squash-ca","62":"pa_atr-deportes-submarinisme","63":"pa_atr-deportes-surf-ca","64":"pa_atr-deportes-tennis","65":"pa_atr-deportes-tir","66":"pa_atr-deportes-tir-amb-arc","67":"pa_atr-deportes-toros-ca","68":"pa_atr-deportes-triatlo","69":"pa_atr-deportes-twirling-ca","70":"pa_atr-deportes-vela-ca","71":"pa_atr-deportes-voleibol-ca","72":"pa_atr-deportes-voleibol-platja","73":"pa_atr-deportes-waterpolo-ca","74":"pa_atr-deportes-windsurf-ca","75":"wcpa_has_options","77":"first","78":"instock","79":"taxable","80":"shipping-taxable","81":"purchasable","82":"product-type-variable"},"yoast_head":"<!-- This site is optimized with the Yoast SEO Premium plugin v22.8 (Yoast SEO v27.5) - https:\/\/yoast.com\/product\/yoast-seo-premium-wordpress\/ -->\n<title>Copa Esportiva de Columnes amb Figura Esportiva - Personalitzaci\u00f3 de Logotip i Text - Trofeos ABM<\/title>\n<meta name=\"description\" content=\"Copa esportiva amb columnes i figura, inclou plaquita gravada amb logotip i text en color. Disponible en tots els esports, ideal per a premiaciones.\" \/>\n<meta name=\"robots\" content=\"index, follow, max-snippet:-1, max-image-preview:large, max-video-preview:-1\" \/>\n<link rel=\"canonical\" href=\"https:\/\/trofeusabm.com\/ca\/producto\/copa-esportiva-gran-platejada-llisa-amb-anses-i-peanya-de-fusta-color-caoba-personalitzacio-de-logotip-i-text-copia\/\" \/>\n<meta property=\"og:locale\" content=\"ca_ES\" \/>\n<meta property=\"og:type\" content=\"article\" \/>\n<meta property=\"og:title\" content=\"Copa Esportiva de Columnes amb Figura Esportiva - Personalitzaci\u00f3 de Logotip i Text\" \/>\n<meta property=\"og:description\" content=\"Copa esportiva amb columnes i figura, inclou plaquita gravada amb logotip i text en color. Disponible en tots els esports, ideal per a premiaciones.\" \/>\n<meta property=\"og:url\" content=\"https:\/\/trofeusabm.com\/ca\/producto\/copa-esportiva-gran-platejada-llisa-amb-anses-i-peanya-de-fusta-color-caoba-personalitzacio-de-logotip-i-text-copia\/\" \/>\n<meta property=\"og:site_name\" content=\"Trofeos ABM\" \/>\n<meta property=\"article:modified_time\" content=\"2025-03-13T08:40:57+00:00\" \/>\n<meta property=\"og:image\" content=\"https:\/\/trofeusabm.com\/wp-content\/uploads\/2025\/03\/1365.webp\" \/>\n\t<meta property=\"og:image:width\" content=\"800\" \/>\n\t<meta property=\"og:image:height\" content=\"800\" \/>\n\t<meta property=\"og:image:type\" content=\"image\/webp\" \/>\n<meta name=\"twitter:card\" content=\"summary_large_image\" \/>\n<meta name=\"twitter:label1\" content=\"Temps estimat de lectura\" \/>\n\t<meta name=\"twitter:data1\" content=\"1 minut\" \/>\n<script type=\"application\/ld+json\" class=\"yoast-schema-graph\">{\"@context\":\"https:\\\/\\\/schema.org\",\"@graph\":[{\"@type\":\"WebPage\",\"@id\":\"https:\\\/\\\/trofeusabm.com\\\/ca\\\/producto\\\/copa-esportiva-gran-platejada-llisa-amb-anses-i-peanya-de-fusta-color-caoba-personalitzacio-de-logotip-i-text-copia\\\/\",\"url\":\"https:\\\/\\\/trofeusabm.com\\\/ca\\\/producto\\\/copa-esportiva-gran-platejada-llisa-amb-anses-i-peanya-de-fusta-color-caoba-personalitzacio-de-logotip-i-text-copia\\\/\",\"name\":\"Copa Esportiva de Columnes amb Figura Esportiva - Personalitzaci\u00f3 de Logotip i Text - Trofeos ABM\",\"isPartOf\":{\"@id\":\"https:\\\/\\\/trofeusabm.com\\\/ca\\\/#website\"},\"primaryImageOfPage\":{\"@id\":\"https:\\\/\\\/trofeusabm.com\\\/ca\\\/producto\\\/copa-esportiva-gran-platejada-llisa-amb-anses-i-peanya-de-fusta-color-caoba-personalitzacio-de-logotip-i-text-copia\\\/#primaryimage\"},\"image\":{\"@id\":\"https:\\\/\\\/trofeusabm.com\\\/ca\\\/producto\\\/copa-esportiva-gran-platejada-llisa-amb-anses-i-peanya-de-fusta-color-caoba-personalitzacio-de-logotip-i-text-copia\\\/#primaryimage\"},\"thumbnailUrl\":\"https:\\\/\\\/trofeusabm.com\\\/wp-content\\\/uploads\\\/2025\\\/03\\\/1365.webp\",\"datePublished\":\"2025-03-13T08:31:53+00:00\",\"dateModified\":\"2025-03-13T08:40:57+00:00\",\"description\":\"Copa esportiva amb columnes i figura, inclou plaquita gravada amb logotip i text en color. Disponible en tots els esports, ideal per a premiaciones.\",\"breadcrumb\":{\"@id\":\"https:\\\/\\\/trofeusabm.com\\\/ca\\\/producto\\\/copa-esportiva-gran-platejada-llisa-amb-anses-i-peanya-de-fusta-color-caoba-personalitzacio-de-logotip-i-text-copia\\\/#breadcrumb\"},\"inLanguage\":\"ca\",\"potentialAction\":[{\"@type\":\"ReadAction\",\"target\":[\"https:\\\/\\\/trofeusabm.com\\\/ca\\\/producto\\\/copa-esportiva-gran-platejada-llisa-amb-anses-i-peanya-de-fusta-color-caoba-personalitzacio-de-logotip-i-text-copia\\\/\"]}]},{\"@type\":\"ImageObject\",\"inLanguage\":\"ca\",\"@id\":\"https:\\\/\\\/trofeusabm.com\\\/ca\\\/producto\\\/copa-esportiva-gran-platejada-llisa-amb-anses-i-peanya-de-fusta-color-caoba-personalitzacio-de-logotip-i-text-copia\\\/#primaryimage\",\"url\":\"https:\\\/\\\/trofeusabm.com\\\/wp-content\\\/uploads\\\/2025\\\/03\\\/1365.webp\",\"contentUrl\":\"https:\\\/\\\/trofeusabm.com\\\/wp-content\\\/uploads\\\/2025\\\/03\\\/1365.webp\",\"width\":800,\"height\":800,\"caption\":\"Copa Esportiva de Columnes amb Figura Esportiva - Personalitzaci\u00f3 de Logotip i Text 1365\"},{\"@type\":\"BreadcrumbList\",\"@id\":\"https:\\\/\\\/trofeusabm.com\\\/ca\\\/producto\\\/copa-esportiva-gran-platejada-llisa-amb-anses-i-peanya-de-fusta-color-caoba-personalitzacio-de-logotip-i-text-copia\\\/#breadcrumb\",\"itemListElement\":[{\"@type\":\"ListItem\",\"position\":1,\"name\":\"Portada\",\"item\":\"https:\\\/\\\/trofeusabm.com\\\/ca\\\/\"},{\"@type\":\"ListItem\",\"position\":2,\"name\":\"Botiga\",\"item\":\"https:\\\/\\\/trofeusabm.com\\\/tienda\\\/\"},{\"@type\":\"ListItem\",\"position\":3,\"name\":\"Copa Esportiva de Columnes amb Figura Esportiva &#8211; Personalitzaci\u00f3 de Logotip i Text\"}]},{\"@type\":\"WebSite\",\"@id\":\"https:\\\/\\\/trofeusabm.com\\\/ca\\\/#website\",\"url\":\"https:\\\/\\\/trofeusabm.com\\\/ca\\\/\",\"name\":\"Trofeos ABM\",\"description\":\"\",\"publisher\":{\"@id\":\"https:\\\/\\\/trofeusabm.com\\\/ca\\\/#organization\"},\"potentialAction\":[{\"@type\":\"SearchAction\",\"target\":{\"@type\":\"EntryPoint\",\"urlTemplate\":\"https:\\\/\\\/trofeusabm.com\\\/ca\\\/?s={search_term_string}\"},\"query-input\":{\"@type\":\"PropertyValueSpecification\",\"valueRequired\":true,\"valueName\":\"search_term_string\"}}],\"inLanguage\":\"ca\"},{\"@type\":\"Organization\",\"@id\":\"https:\\\/\\\/trofeusabm.com\\\/ca\\\/#organization\",\"name\":\"Trofeos ABM\",\"url\":\"https:\\\/\\\/trofeusabm.com\\\/ca\\\/\",\"logo\":{\"@type\":\"ImageObject\",\"inLanguage\":\"ca\",\"@id\":\"https:\\\/\\\/trofeusabm.com\\\/ca\\\/#\\\/schema\\\/logo\\\/image\\\/\",\"url\":\"https:\\\/\\\/trofeusabm.com\\\/wp-content\\\/uploads\\\/2024\\\/08\\\/logo-1665059948.png\",\"contentUrl\":\"https:\\\/\\\/trofeusabm.com\\\/wp-content\\\/uploads\\\/2024\\\/08\\\/logo-1665059948.png\",\"width\":320,\"height\":80,\"caption\":\"Trofeos ABM\"},\"image\":{\"@id\":\"https:\\\/\\\/trofeusabm.com\\\/ca\\\/#\\\/schema\\\/logo\\\/image\\\/\"}}]}<\/script>\n<!-- \/ Yoast SEO Premium plugin. -->","yoast_head_json":{"title":"Copa Esportiva de Columnes amb Figura Esportiva - Personalitzaci\u00f3 de Logotip i Text - Trofeos ABM","description":"Copa esportiva amb columnes i figura, inclou plaquita gravada amb logotip i text en color. Disponible en tots els esports, ideal per a premiaciones.","robots":{"index":"index","follow":"follow","max-snippet":"max-snippet:-1","max-image-preview":"max-image-preview:large","max-video-preview":"max-video-preview:-1"},"canonical":"https:\/\/trofeusabm.com\/ca\/producto\/copa-esportiva-gran-platejada-llisa-amb-anses-i-peanya-de-fusta-color-caoba-personalitzacio-de-logotip-i-text-copia\/","og_locale":"ca_ES","og_type":"article","og_title":"Copa Esportiva de Columnes amb Figura Esportiva - Personalitzaci\u00f3 de Logotip i Text","og_description":"Copa esportiva amb columnes i figura, inclou plaquita gravada amb logotip i text en color. Disponible en tots els esports, ideal per a premiaciones.","og_url":"https:\/\/trofeusabm.com\/ca\/producto\/copa-esportiva-gran-platejada-llisa-amb-anses-i-peanya-de-fusta-color-caoba-personalitzacio-de-logotip-i-text-copia\/","og_site_name":"Trofeos ABM","article_modified_time":"2025-03-13T08:40:57+00:00","og_image":[{"width":800,"height":800,"url":"https:\/\/trofeusabm.com\/wp-content\/uploads\/2025\/03\/1365.webp","type":"image\/webp"}],"twitter_card":"summary_large_image","twitter_misc":{"Temps estimat de lectura":"1 minut"},"schema":{"@context":"https:\/\/schema.org","@graph":[{"@type":"WebPage","@id":"https:\/\/trofeusabm.com\/ca\/producto\/copa-esportiva-gran-platejada-llisa-amb-anses-i-peanya-de-fusta-color-caoba-personalitzacio-de-logotip-i-text-copia\/","url":"https:\/\/trofeusabm.com\/ca\/producto\/copa-esportiva-gran-platejada-llisa-amb-anses-i-peanya-de-fusta-color-caoba-personalitzacio-de-logotip-i-text-copia\/","name":"Copa Esportiva de Columnes amb Figura Esportiva - Personalitzaci\u00f3 de Logotip i Text - Trofeos ABM","isPartOf":{"@id":"https:\/\/trofeusabm.com\/ca\/#website"},"primaryImageOfPage":{"@id":"https:\/\/trofeusabm.com\/ca\/producto\/copa-esportiva-gran-platejada-llisa-amb-anses-i-peanya-de-fusta-color-caoba-personalitzacio-de-logotip-i-text-copia\/#primaryimage"},"image":{"@id":"https:\/\/trofeusabm.com\/ca\/producto\/copa-esportiva-gran-platejada-llisa-amb-anses-i-peanya-de-fusta-color-caoba-personalitzacio-de-logotip-i-text-copia\/#primaryimage"},"thumbnailUrl":"https:\/\/trofeusabm.com\/wp-content\/uploads\/2025\/03\/1365.webp","datePublished":"2025-03-13T08:31:53+00:00","dateModified":"2025-03-13T08:40:57+00:00","description":"Copa esportiva amb columnes i figura, inclou plaquita gravada amb logotip i text en color. Disponible en tots els esports, ideal per a premiaciones.","breadcrumb":{"@id":"https:\/\/trofeusabm.com\/ca\/producto\/copa-esportiva-gran-platejada-llisa-amb-anses-i-peanya-de-fusta-color-caoba-personalitzacio-de-logotip-i-text-copia\/#breadcrumb"},"inLanguage":"ca","potentialAction":[{"@type":"ReadAction","target":["https:\/\/trofeusabm.com\/ca\/producto\/copa-esportiva-gran-platejada-llisa-amb-anses-i-peanya-de-fusta-color-caoba-personalitzacio-de-logotip-i-text-copia\/"]}]},{"@type":"ImageObject","inLanguage":"ca","@id":"https:\/\/trofeusabm.com\/ca\/producto\/copa-esportiva-gran-platejada-llisa-amb-anses-i-peanya-de-fusta-color-caoba-personalitzacio-de-logotip-i-text-copia\/#primaryimage","url":"https:\/\/trofeusabm.com\/wp-content\/uploads\/2025\/03\/1365.webp","contentUrl":"https:\/\/trofeusabm.com\/wp-content\/uploads\/2025\/03\/1365.webp","width":800,"height":800,"caption":"Copa Esportiva de Columnes amb Figura Esportiva - Personalitzaci\u00f3 de Logotip i Text 1365"},{"@type":"BreadcrumbList","@id":"https:\/\/trofeusabm.com\/ca\/producto\/copa-esportiva-gran-platejada-llisa-amb-anses-i-peanya-de-fusta-color-caoba-personalitzacio-de-logotip-i-text-copia\/#breadcrumb","itemListElement":[{"@type":"ListItem","position":1,"name":"Portada","item":"https:\/\/trofeusabm.com\/ca\/"},{"@type":"ListItem","position":2,"name":"Botiga","item":"https:\/\/trofeusabm.com\/tienda\/"},{"@type":"ListItem","position":3,"name":"Copa Esportiva de Columnes amb Figura Esportiva &#8211; Personalitzaci\u00f3 de Logotip i Text"}]},{"@type":"WebSite","@id":"https:\/\/trofeusabm.com\/ca\/#website","url":"https:\/\/trofeusabm.com\/ca\/","name":"Trofeos ABM","description":"","publisher":{"@id":"https:\/\/trofeusabm.com\/ca\/#organization"},"potentialAction":[{"@type":"SearchAction","target":{"@type":"EntryPoint","urlTemplate":"https:\/\/trofeusabm.com\/ca\/?s={search_term_string}"},"query-input":{"@type":"PropertyValueSpecification","valueRequired":true,"valueName":"search_term_string"}}],"inLanguage":"ca"},{"@type":"Organization","@id":"https:\/\/trofeusabm.com\/ca\/#organization","name":"Trofeos ABM","url":"https:\/\/trofeusabm.com\/ca\/","logo":{"@type":"ImageObject","inLanguage":"ca","@id":"https:\/\/trofeusabm.com\/ca\/#\/schema\/logo\/image\/","url":"https:\/\/trofeusabm.com\/wp-content\/uploads\/2024\/08\/logo-1665059948.png","contentUrl":"https:\/\/trofeusabm.com\/wp-content\/uploads\/2024\/08\/logo-1665059948.png","width":320,"height":80,"caption":"Trofeos ABM"},"image":{"@id":"https:\/\/trofeusabm.com\/ca\/#\/schema\/logo\/image\/"}}]}},"_links":{"self":[{"href":"https:\/\/trofeusabm.com\/ca\/wp-json\/wp\/v2\/product\/13554","targetHints":{"allow":["GET"]}}],"collection":[{"href":"https:\/\/trofeusabm.com\/ca\/wp-json\/wp\/v2\/product"}],"about":[{"href":"https:\/\/trofeusabm.com\/ca\/wp-json\/wp\/v2\/types\/product"}],"replies":[{"embeddable":true,"href":"https:\/\/trofeusabm.com\/ca\/wp-json\/wp\/v2\/comments?post=13554"}],"version-history":[{"count":1,"href":"https:\/\/trofeusabm.com\/ca\/wp-json\/wp\/v2\/product\/13554\/revisions"}],"predecessor-version":[{"id":13588,"href":"https:\/\/trofeusabm.com\/ca\/wp-json\/wp\/v2\/product\/13554\/revisions\/13588"}],"wp:featuredmedia":[{"embeddable":true,"href":"https:\/\/trofeusabm.com\/ca\/wp-json\/wp\/v2\/media\/13575"}],"wp:attachment":[{"href":"https:\/\/trofeusabm.com\/ca\/wp-json\/wp\/v2\/media?parent=13554"}],"wp:term":[{"taxonomy":"product_brand","embeddable":true,"href":"https:\/\/trofeusabm.com\/ca\/wp-json\/wp\/v2\/product_brand?post=13554"},{"taxonomy":"product_cat","embeddable":true,"href":"https:\/\/trofeusabm.com\/ca\/wp-json\/wp\/v2\/product_cat?post=13554"},{"taxonomy":"product_tag","embeddable":true,"href":"https:\/\/trofeusabm.com\/ca\/wp-json\/wp\/v2\/product_tag?post=13554"}],"curies":[{"name":"wp","href":"https:\/\/api.w.org\/{rel}","templated":true}]}}