{"id":14717,"date":"2025-03-21T09:20:23","date_gmt":"2025-03-21T08:20:23","guid":{"rendered":"https:\/\/trofeusabm.com\/?post_type=product&#038;p=14717"},"modified":"2025-03-21T13:12:46","modified_gmt":"2025-03-21T12:12:46","slug":"trofeu-esportiu-darbitre-en-resina-decorada-copia-4","status":"publish","type":"product","link":"https:\/\/trofeusabm.com\/ca\/producto\/trofeu-esportiu-darbitre-en-resina-decorada-copia-4\/","title":{"rendered":"Trofeu Esportiu de Voleibol en Resina Decorada"},"content":{"rendered":"<p><span data-sheets-root=\"1\">Aquest trofeu de voleibol en resina decorada \u00e9s perfecte per a premiar als jugadors m\u00e9s destacats en qualsevol torneig o compet\u00e8ncia. Amb detalls fins i un disseny atractiu, aquest trofeu captura l&#8217;ess\u00e8ncia del voleibol i la passi\u00f3 de l&#8217;esport. Inclou una plaquita gravada amb el logotip i el text en color, oferint un toc personalitzat i \u00fanic per a cada guard\u00f3.  <\/span><\/p>\n","protected":false},"excerpt":{"rendered":"<p><span data-sheets-root=\"1\">Trofeu de voleibol en resina decorada, amb plaquita gravada i text personalitzat en color.<\/span><\/p>\n","protected":false},"featured_media":14722,"comment_status":"open","ping_status":"closed","template":"","meta":[],"product_brand":[],"product_cat":[398],"product_tag":[],"class_list":{"0":"post-14717","1":"product","2":"type-product","3":"status-publish","4":"has-post-thumbnail","6":"product_cat-trofeus","7":"pa_atr-deportes-voleibol-ca","8":"wcpa_has_options","10":"first","11":"instock","12":"taxable","13":"shipping-taxable","14":"purchasable","15":"product-type-variable"},"yoast_head":"<!-- This site is optimized with the Yoast SEO Premium plugin v22.8 (Yoast SEO v27.5) - https:\/\/yoast.com\/product\/yoast-seo-premium-wordpress\/ -->\n<title>Trofeu Esportiu de Voleibol en Resina Decorada - Trofeos ABM<\/title>\n<meta name=\"description\" content=\"Premia als millors jugadors de voleibol amb aquest trofeu de resina decorada i plaquita gravada a color, ideal per a qualsevol esdeveniment esportiu.\" \/>\n<meta name=\"robots\" content=\"index, follow, max-snippet:-1, max-image-preview:large, max-video-preview:-1\" \/>\n<link rel=\"canonical\" href=\"https:\/\/trofeusabm.com\/ca\/producto\/trofeu-esportiu-darbitre-en-resina-decorada-copia-4\/\" \/>\n<meta property=\"og:locale\" content=\"ca_ES\" \/>\n<meta property=\"og:type\" content=\"article\" \/>\n<meta property=\"og:title\" content=\"Trofeu Esportiu de Voleibol en Resina Decorada\" \/>\n<meta property=\"og:description\" content=\"Premia als millors jugadors de voleibol amb aquest trofeu de resina decorada i plaquita gravada a color, ideal per a qualsevol esdeveniment esportiu.\" \/>\n<meta property=\"og:url\" content=\"https:\/\/trofeusabm.com\/ca\/producto\/trofeu-esportiu-darbitre-en-resina-decorada-copia-4\/\" \/>\n<meta property=\"og:site_name\" content=\"Trofeos ABM\" \/>\n<meta property=\"article:modified_time\" content=\"2025-03-21T12:12:46+00:00\" \/>\n<meta property=\"og:image\" content=\"https:\/\/trofeusabm.com\/wp-content\/uploads\/2025\/03\/1484.webp\" \/>\n\t<meta property=\"og:image:width\" content=\"800\" \/>\n\t<meta property=\"og:image:height\" content=\"800\" \/>\n\t<meta property=\"og:image:type\" content=\"image\/webp\" \/>\n<meta name=\"twitter:card\" content=\"summary_large_image\" \/>\n<meta name=\"twitter:label1\" content=\"Temps estimat de lectura\" \/>\n\t<meta name=\"twitter:data1\" content=\"1 minut\" \/>\n<script type=\"application\/ld+json\" class=\"yoast-schema-graph\">{\"@context\":\"https:\\\/\\\/schema.org\",\"@graph\":[{\"@type\":\"WebPage\",\"@id\":\"https:\\\/\\\/trofeusabm.com\\\/ca\\\/producto\\\/trofeu-esportiu-darbitre-en-resina-decorada-copia-4\\\/\",\"url\":\"https:\\\/\\\/trofeusabm.com\\\/ca\\\/producto\\\/trofeu-esportiu-darbitre-en-resina-decorada-copia-4\\\/\",\"name\":\"Trofeu Esportiu de Voleibol en Resina Decorada - Trofeos ABM\",\"isPartOf\":{\"@id\":\"https:\\\/\\\/trofeusabm.com\\\/ca\\\/#website\"},\"primaryImageOfPage\":{\"@id\":\"https:\\\/\\\/trofeusabm.com\\\/ca\\\/producto\\\/trofeu-esportiu-darbitre-en-resina-decorada-copia-4\\\/#primaryimage\"},\"image\":{\"@id\":\"https:\\\/\\\/trofeusabm.com\\\/ca\\\/producto\\\/trofeu-esportiu-darbitre-en-resina-decorada-copia-4\\\/#primaryimage\"},\"thumbnailUrl\":\"https:\\\/\\\/trofeusabm.com\\\/wp-content\\\/uploads\\\/2025\\\/03\\\/1484.webp\",\"datePublished\":\"2025-03-21T08:20:23+00:00\",\"dateModified\":\"2025-03-21T12:12:46+00:00\",\"description\":\"Premia als millors jugadors de voleibol amb aquest trofeu de resina decorada i plaquita gravada a color, ideal per a qualsevol esdeveniment esportiu.\",\"breadcrumb\":{\"@id\":\"https:\\\/\\\/trofeusabm.com\\\/ca\\\/producto\\\/trofeu-esportiu-darbitre-en-resina-decorada-copia-4\\\/#breadcrumb\"},\"inLanguage\":\"ca\",\"potentialAction\":[{\"@type\":\"ReadAction\",\"target\":[\"https:\\\/\\\/trofeusabm.com\\\/ca\\\/producto\\\/trofeu-esportiu-darbitre-en-resina-decorada-copia-4\\\/\"]}]},{\"@type\":\"ImageObject\",\"inLanguage\":\"ca\",\"@id\":\"https:\\\/\\\/trofeusabm.com\\\/ca\\\/producto\\\/trofeu-esportiu-darbitre-en-resina-decorada-copia-4\\\/#primaryimage\",\"url\":\"https:\\\/\\\/trofeusabm.com\\\/wp-content\\\/uploads\\\/2025\\\/03\\\/1484.webp\",\"contentUrl\":\"https:\\\/\\\/trofeusabm.com\\\/wp-content\\\/uploads\\\/2025\\\/03\\\/1484.webp\",\"width\":800,\"height\":800,\"caption\":\"Trofeu Esportiu de Voleibol en Resina Decorada 1484\"},{\"@type\":\"BreadcrumbList\",\"@id\":\"https:\\\/\\\/trofeusabm.com\\\/ca\\\/producto\\\/trofeu-esportiu-darbitre-en-resina-decorada-copia-4\\\/#breadcrumb\",\"itemListElement\":[{\"@type\":\"ListItem\",\"position\":1,\"name\":\"Portada\",\"item\":\"https:\\\/\\\/trofeusabm.com\\\/ca\\\/\"},{\"@type\":\"ListItem\",\"position\":2,\"name\":\"Botiga\",\"item\":\"https:\\\/\\\/trofeusabm.com\\\/tienda\\\/\"},{\"@type\":\"ListItem\",\"position\":3,\"name\":\"Trofeu Esportiu de Voleibol en Resina Decorada\"}]},{\"@type\":\"WebSite\",\"@id\":\"https:\\\/\\\/trofeusabm.com\\\/ca\\\/#website\",\"url\":\"https:\\\/\\\/trofeusabm.com\\\/ca\\\/\",\"name\":\"Trofeos ABM\",\"description\":\"\",\"publisher\":{\"@id\":\"https:\\\/\\\/trofeusabm.com\\\/ca\\\/#organization\"},\"potentialAction\":[{\"@type\":\"SearchAction\",\"target\":{\"@type\":\"EntryPoint\",\"urlTemplate\":\"https:\\\/\\\/trofeusabm.com\\\/ca\\\/?s={search_term_string}\"},\"query-input\":{\"@type\":\"PropertyValueSpecification\",\"valueRequired\":true,\"valueName\":\"search_term_string\"}}],\"inLanguage\":\"ca\"},{\"@type\":\"Organization\",\"@id\":\"https:\\\/\\\/trofeusabm.com\\\/ca\\\/#organization\",\"name\":\"Trofeos ABM\",\"url\":\"https:\\\/\\\/trofeusabm.com\\\/ca\\\/\",\"logo\":{\"@type\":\"ImageObject\",\"inLanguage\":\"ca\",\"@id\":\"https:\\\/\\\/trofeusabm.com\\\/ca\\\/#\\\/schema\\\/logo\\\/image\\\/\",\"url\":\"https:\\\/\\\/trofeusabm.com\\\/wp-content\\\/uploads\\\/2024\\\/08\\\/logo-1665059948.png\",\"contentUrl\":\"https:\\\/\\\/trofeusabm.com\\\/wp-content\\\/uploads\\\/2024\\\/08\\\/logo-1665059948.png\",\"width\":320,\"height\":80,\"caption\":\"Trofeos ABM\"},\"image\":{\"@id\":\"https:\\\/\\\/trofeusabm.com\\\/ca\\\/#\\\/schema\\\/logo\\\/image\\\/\"}}]}<\/script>\n<!-- \/ Yoast SEO Premium plugin. -->","yoast_head_json":{"title":"Trofeu Esportiu de Voleibol en Resina Decorada - Trofeos ABM","description":"Premia als millors jugadors de voleibol amb aquest trofeu de resina decorada i plaquita gravada a color, ideal per a qualsevol esdeveniment esportiu.","robots":{"index":"index","follow":"follow","max-snippet":"max-snippet:-1","max-image-preview":"max-image-preview:large","max-video-preview":"max-video-preview:-1"},"canonical":"https:\/\/trofeusabm.com\/ca\/producto\/trofeu-esportiu-darbitre-en-resina-decorada-copia-4\/","og_locale":"ca_ES","og_type":"article","og_title":"Trofeu Esportiu de Voleibol en Resina Decorada","og_description":"Premia als millors jugadors de voleibol amb aquest trofeu de resina decorada i plaquita gravada a color, ideal per a qualsevol esdeveniment esportiu.","og_url":"https:\/\/trofeusabm.com\/ca\/producto\/trofeu-esportiu-darbitre-en-resina-decorada-copia-4\/","og_site_name":"Trofeos ABM","article_modified_time":"2025-03-21T12:12:46+00:00","og_image":[{"width":800,"height":800,"url":"https:\/\/trofeusabm.com\/wp-content\/uploads\/2025\/03\/1484.webp","type":"image\/webp"}],"twitter_card":"summary_large_image","twitter_misc":{"Temps estimat de lectura":"1 minut"},"schema":{"@context":"https:\/\/schema.org","@graph":[{"@type":"WebPage","@id":"https:\/\/trofeusabm.com\/ca\/producto\/trofeu-esportiu-darbitre-en-resina-decorada-copia-4\/","url":"https:\/\/trofeusabm.com\/ca\/producto\/trofeu-esportiu-darbitre-en-resina-decorada-copia-4\/","name":"Trofeu Esportiu de Voleibol en Resina Decorada - Trofeos ABM","isPartOf":{"@id":"https:\/\/trofeusabm.com\/ca\/#website"},"primaryImageOfPage":{"@id":"https:\/\/trofeusabm.com\/ca\/producto\/trofeu-esportiu-darbitre-en-resina-decorada-copia-4\/#primaryimage"},"image":{"@id":"https:\/\/trofeusabm.com\/ca\/producto\/trofeu-esportiu-darbitre-en-resina-decorada-copia-4\/#primaryimage"},"thumbnailUrl":"https:\/\/trofeusabm.com\/wp-content\/uploads\/2025\/03\/1484.webp","datePublished":"2025-03-21T08:20:23+00:00","dateModified":"2025-03-21T12:12:46+00:00","description":"Premia als millors jugadors de voleibol amb aquest trofeu de resina decorada i plaquita gravada a color, ideal per a qualsevol esdeveniment esportiu.","breadcrumb":{"@id":"https:\/\/trofeusabm.com\/ca\/producto\/trofeu-esportiu-darbitre-en-resina-decorada-copia-4\/#breadcrumb"},"inLanguage":"ca","potentialAction":[{"@type":"ReadAction","target":["https:\/\/trofeusabm.com\/ca\/producto\/trofeu-esportiu-darbitre-en-resina-decorada-copia-4\/"]}]},{"@type":"ImageObject","inLanguage":"ca","@id":"https:\/\/trofeusabm.com\/ca\/producto\/trofeu-esportiu-darbitre-en-resina-decorada-copia-4\/#primaryimage","url":"https:\/\/trofeusabm.com\/wp-content\/uploads\/2025\/03\/1484.webp","contentUrl":"https:\/\/trofeusabm.com\/wp-content\/uploads\/2025\/03\/1484.webp","width":800,"height":800,"caption":"Trofeu Esportiu de Voleibol en Resina Decorada 1484"},{"@type":"BreadcrumbList","@id":"https:\/\/trofeusabm.com\/ca\/producto\/trofeu-esportiu-darbitre-en-resina-decorada-copia-4\/#breadcrumb","itemListElement":[{"@type":"ListItem","position":1,"name":"Portada","item":"https:\/\/trofeusabm.com\/ca\/"},{"@type":"ListItem","position":2,"name":"Botiga","item":"https:\/\/trofeusabm.com\/tienda\/"},{"@type":"ListItem","position":3,"name":"Trofeu Esportiu de Voleibol en Resina Decorada"}]},{"@type":"WebSite","@id":"https:\/\/trofeusabm.com\/ca\/#website","url":"https:\/\/trofeusabm.com\/ca\/","name":"Trofeos ABM","description":"","publisher":{"@id":"https:\/\/trofeusabm.com\/ca\/#organization"},"potentialAction":[{"@type":"SearchAction","target":{"@type":"EntryPoint","urlTemplate":"https:\/\/trofeusabm.com\/ca\/?s={search_term_string}"},"query-input":{"@type":"PropertyValueSpecification","valueRequired":true,"valueName":"search_term_string"}}],"inLanguage":"ca"},{"@type":"Organization","@id":"https:\/\/trofeusabm.com\/ca\/#organization","name":"Trofeos ABM","url":"https:\/\/trofeusabm.com\/ca\/","logo":{"@type":"ImageObject","inLanguage":"ca","@id":"https:\/\/trofeusabm.com\/ca\/#\/schema\/logo\/image\/","url":"https:\/\/trofeusabm.com\/wp-content\/uploads\/2024\/08\/logo-1665059948.png","contentUrl":"https:\/\/trofeusabm.com\/wp-content\/uploads\/2024\/08\/logo-1665059948.png","width":320,"height":80,"caption":"Trofeos ABM"},"image":{"@id":"https:\/\/trofeusabm.com\/ca\/#\/schema\/logo\/image\/"}}]}},"_links":{"self":[{"href":"https:\/\/trofeusabm.com\/ca\/wp-json\/wp\/v2\/product\/14717","targetHints":{"allow":["GET"]}}],"collection":[{"href":"https:\/\/trofeusabm.com\/ca\/wp-json\/wp\/v2\/product"}],"about":[{"href":"https:\/\/trofeusabm.com\/ca\/wp-json\/wp\/v2\/types\/product"}],"replies":[{"embeddable":true,"href":"https:\/\/trofeusabm.com\/ca\/wp-json\/wp\/v2\/comments?post=14717"}],"version-history":[{"count":1,"href":"https:\/\/trofeusabm.com\/ca\/wp-json\/wp\/v2\/product\/14717\/revisions"}],"predecessor-version":[{"id":14729,"href":"https:\/\/trofeusabm.com\/ca\/wp-json\/wp\/v2\/product\/14717\/revisions\/14729"}],"wp:featuredmedia":[{"embeddable":true,"href":"https:\/\/trofeusabm.com\/ca\/wp-json\/wp\/v2\/media\/14722"}],"wp:attachment":[{"href":"https:\/\/trofeusabm.com\/ca\/wp-json\/wp\/v2\/media?parent=14717"}],"wp:term":[{"taxonomy":"product_brand","embeddable":true,"href":"https:\/\/trofeusabm.com\/ca\/wp-json\/wp\/v2\/product_brand?post=14717"},{"taxonomy":"product_cat","embeddable":true,"href":"https:\/\/trofeusabm.com\/ca\/wp-json\/wp\/v2\/product_cat?post=14717"},{"taxonomy":"product_tag","embeddable":true,"href":"https:\/\/trofeusabm.com\/ca\/wp-json\/wp\/v2\/product_tag?post=14717"}],"curies":[{"name":"wp","href":"https:\/\/api.w.org\/{rel}","templated":true}]}}