{"id":15369,"date":"2025-03-31T09:37:41","date_gmt":"2025-03-31T07:37:41","guid":{"rendered":"https:\/\/trofeusabm.com\/?post_type=product&#038;p=15369"},"modified":"2025-04-01T01:02:25","modified_gmt":"2025-03-31T23:02:25","slug":"trofeu-esportiu-de-caca-en-metall-decorat-amb-peanya-de-fusta-copia","status":"publish","type":"product","link":"https:\/\/trofeusabm.com\/ca\/producto\/trofeu-esportiu-de-caca-en-metall-decorat-amb-peanya-de-fusta-copia\/","title":{"rendered":"Trofeu Esportiu d&#8217;Arts Marcials en Metall Decorat amb Peanya de Fusta"},"content":{"rendered":"<p><span data-sheets-root=\"1\">Aquest trofeu esportiu d&#8217;arts marcials destaca pel seu disseny en metall decorat, combinant for\u00e7a i eleg\u00e0ncia. La seva peanya de fusta aporta un toc de distinci\u00f3, ideal per a premiar als millors en aquest art. Inclou una plaquita gravada amb el logotip i el text en color, personalitzant-lo segons les necessitats de l&#8217;esdeveniment.  <\/span><\/p>\n","protected":false},"excerpt":{"rendered":"<p><span data-sheets-root=\"1\">Trofeu d&#8217;arts marcials en metall decorat amb peanya de fusta. Inclou plaquita gravada amb logotip i text en color. <\/span><\/p>\n","protected":false},"featured_media":15374,"comment_status":"open","ping_status":"closed","template":"","meta":[],"product_brand":[],"product_cat":[398],"product_tag":[],"class_list":{"0":"post-15369","1":"product","2":"type-product","3":"status-publish","4":"has-post-thumbnail","6":"product_cat-trofeus","7":"pa_atr-deportes-arts-marcials","8":"wcpa_has_options","10":"first","11":"instock","12":"taxable","13":"shipping-taxable","14":"purchasable","15":"product-type-variable"},"yoast_head":"<!-- This site is optimized with the Yoast SEO Premium plugin v22.8 (Yoast SEO v27.5) - https:\/\/yoast.com\/product\/yoast-seo-premium-wordpress\/ -->\n<title>Trofeu Esportiu d&#039;Arts Marcials en Metall Decorat amb Peanya de Fusta - Trofeos ABM<\/title>\n<meta name=\"description\" content=\"Premia campions d&#039;arts marcials amb aquest trofeu de metall i base de fusta, personalitzable amb logotip i text a color. Ideal per a destacar la seva destresa.\" \/>\n<meta name=\"robots\" content=\"index, follow, max-snippet:-1, max-image-preview:large, max-video-preview:-1\" \/>\n<link rel=\"canonical\" href=\"https:\/\/trofeusabm.com\/ca\/producto\/trofeu-esportiu-de-caca-en-metall-decorat-amb-peanya-de-fusta-copia\/\" \/>\n<meta property=\"og:locale\" content=\"ca_ES\" \/>\n<meta property=\"og:type\" content=\"article\" \/>\n<meta property=\"og:title\" content=\"Trofeu Esportiu d&#039;Arts Marcials en Metall Decorat amb Peanya de Fusta\" \/>\n<meta property=\"og:description\" content=\"Premia campions d&#039;arts marcials amb aquest trofeu de metall i base de fusta, personalitzable amb logotip i text a color. Ideal per a destacar la seva destresa.\" \/>\n<meta property=\"og:url\" content=\"https:\/\/trofeusabm.com\/ca\/producto\/trofeu-esportiu-de-caca-en-metall-decorat-amb-peanya-de-fusta-copia\/\" \/>\n<meta property=\"og:site_name\" content=\"Trofeos ABM\" \/>\n<meta property=\"article:modified_time\" content=\"2025-03-31T23:02:25+00:00\" \/>\n<meta property=\"og:image\" content=\"https:\/\/trofeusabm.com\/wp-content\/uploads\/2025\/03\/1595.webp\" \/>\n\t<meta property=\"og:image:width\" content=\"800\" \/>\n\t<meta property=\"og:image:height\" content=\"800\" \/>\n\t<meta property=\"og:image:type\" content=\"image\/webp\" \/>\n<meta name=\"twitter:card\" content=\"summary_large_image\" \/>\n<meta name=\"twitter:label1\" content=\"Temps estimat de lectura\" \/>\n\t<meta name=\"twitter:data1\" content=\"1 minut\" \/>\n<script type=\"application\/ld+json\" class=\"yoast-schema-graph\">{\"@context\":\"https:\\\/\\\/schema.org\",\"@graph\":[{\"@type\":\"WebPage\",\"@id\":\"https:\\\/\\\/trofeusabm.com\\\/ca\\\/producto\\\/trofeu-esportiu-de-caca-en-metall-decorat-amb-peanya-de-fusta-copia\\\/\",\"url\":\"https:\\\/\\\/trofeusabm.com\\\/ca\\\/producto\\\/trofeu-esportiu-de-caca-en-metall-decorat-amb-peanya-de-fusta-copia\\\/\",\"name\":\"Trofeu Esportiu d'Arts Marcials en Metall Decorat amb Peanya de Fusta - Trofeos ABM\",\"isPartOf\":{\"@id\":\"https:\\\/\\\/trofeusabm.com\\\/ca\\\/#website\"},\"primaryImageOfPage\":{\"@id\":\"https:\\\/\\\/trofeusabm.com\\\/ca\\\/producto\\\/trofeu-esportiu-de-caca-en-metall-decorat-amb-peanya-de-fusta-copia\\\/#primaryimage\"},\"image\":{\"@id\":\"https:\\\/\\\/trofeusabm.com\\\/ca\\\/producto\\\/trofeu-esportiu-de-caca-en-metall-decorat-amb-peanya-de-fusta-copia\\\/#primaryimage\"},\"thumbnailUrl\":\"https:\\\/\\\/trofeusabm.com\\\/wp-content\\\/uploads\\\/2025\\\/03\\\/1595.webp\",\"datePublished\":\"2025-03-31T07:37:41+00:00\",\"dateModified\":\"2025-03-31T23:02:25+00:00\",\"description\":\"Premia campions d'arts marcials amb aquest trofeu de metall i base de fusta, personalitzable amb logotip i text a color. Ideal per a destacar la seva destresa.\",\"breadcrumb\":{\"@id\":\"https:\\\/\\\/trofeusabm.com\\\/ca\\\/producto\\\/trofeu-esportiu-de-caca-en-metall-decorat-amb-peanya-de-fusta-copia\\\/#breadcrumb\"},\"inLanguage\":\"ca\",\"potentialAction\":[{\"@type\":\"ReadAction\",\"target\":[\"https:\\\/\\\/trofeusabm.com\\\/ca\\\/producto\\\/trofeu-esportiu-de-caca-en-metall-decorat-amb-peanya-de-fusta-copia\\\/\"]}]},{\"@type\":\"ImageObject\",\"inLanguage\":\"ca\",\"@id\":\"https:\\\/\\\/trofeusabm.com\\\/ca\\\/producto\\\/trofeu-esportiu-de-caca-en-metall-decorat-amb-peanya-de-fusta-copia\\\/#primaryimage\",\"url\":\"https:\\\/\\\/trofeusabm.com\\\/wp-content\\\/uploads\\\/2025\\\/03\\\/1595.webp\",\"contentUrl\":\"https:\\\/\\\/trofeusabm.com\\\/wp-content\\\/uploads\\\/2025\\\/03\\\/1595.webp\",\"width\":800,\"height\":800,\"caption\":\"Trofeu Esportiu d'Arts Marcials en Metall Decorat amb Peanya de Fusta 1595\"},{\"@type\":\"BreadcrumbList\",\"@id\":\"https:\\\/\\\/trofeusabm.com\\\/ca\\\/producto\\\/trofeu-esportiu-de-caca-en-metall-decorat-amb-peanya-de-fusta-copia\\\/#breadcrumb\",\"itemListElement\":[{\"@type\":\"ListItem\",\"position\":1,\"name\":\"Portada\",\"item\":\"https:\\\/\\\/trofeusabm.com\\\/ca\\\/\"},{\"@type\":\"ListItem\",\"position\":2,\"name\":\"Botiga\",\"item\":\"https:\\\/\\\/trofeusabm.com\\\/tienda\\\/\"},{\"@type\":\"ListItem\",\"position\":3,\"name\":\"Trofeu Esportiu d&#8217;Arts Marcials en Metall Decorat amb Peanya de Fusta\"}]},{\"@type\":\"WebSite\",\"@id\":\"https:\\\/\\\/trofeusabm.com\\\/ca\\\/#website\",\"url\":\"https:\\\/\\\/trofeusabm.com\\\/ca\\\/\",\"name\":\"Trofeos ABM\",\"description\":\"\",\"publisher\":{\"@id\":\"https:\\\/\\\/trofeusabm.com\\\/ca\\\/#organization\"},\"potentialAction\":[{\"@type\":\"SearchAction\",\"target\":{\"@type\":\"EntryPoint\",\"urlTemplate\":\"https:\\\/\\\/trofeusabm.com\\\/ca\\\/?s={search_term_string}\"},\"query-input\":{\"@type\":\"PropertyValueSpecification\",\"valueRequired\":true,\"valueName\":\"search_term_string\"}}],\"inLanguage\":\"ca\"},{\"@type\":\"Organization\",\"@id\":\"https:\\\/\\\/trofeusabm.com\\\/ca\\\/#organization\",\"name\":\"Trofeos ABM\",\"url\":\"https:\\\/\\\/trofeusabm.com\\\/ca\\\/\",\"logo\":{\"@type\":\"ImageObject\",\"inLanguage\":\"ca\",\"@id\":\"https:\\\/\\\/trofeusabm.com\\\/ca\\\/#\\\/schema\\\/logo\\\/image\\\/\",\"url\":\"https:\\\/\\\/trofeusabm.com\\\/wp-content\\\/uploads\\\/2024\\\/08\\\/logo-1665059948.png\",\"contentUrl\":\"https:\\\/\\\/trofeusabm.com\\\/wp-content\\\/uploads\\\/2024\\\/08\\\/logo-1665059948.png\",\"width\":320,\"height\":80,\"caption\":\"Trofeos ABM\"},\"image\":{\"@id\":\"https:\\\/\\\/trofeusabm.com\\\/ca\\\/#\\\/schema\\\/logo\\\/image\\\/\"}}]}<\/script>\n<!-- \/ Yoast SEO Premium plugin. -->","yoast_head_json":{"title":"Trofeu Esportiu d'Arts Marcials en Metall Decorat amb Peanya de Fusta - Trofeos ABM","description":"Premia campions d'arts marcials amb aquest trofeu de metall i base de fusta, personalitzable amb logotip i text a color. Ideal per a destacar la seva destresa.","robots":{"index":"index","follow":"follow","max-snippet":"max-snippet:-1","max-image-preview":"max-image-preview:large","max-video-preview":"max-video-preview:-1"},"canonical":"https:\/\/trofeusabm.com\/ca\/producto\/trofeu-esportiu-de-caca-en-metall-decorat-amb-peanya-de-fusta-copia\/","og_locale":"ca_ES","og_type":"article","og_title":"Trofeu Esportiu d'Arts Marcials en Metall Decorat amb Peanya de Fusta","og_description":"Premia campions d'arts marcials amb aquest trofeu de metall i base de fusta, personalitzable amb logotip i text a color. Ideal per a destacar la seva destresa.","og_url":"https:\/\/trofeusabm.com\/ca\/producto\/trofeu-esportiu-de-caca-en-metall-decorat-amb-peanya-de-fusta-copia\/","og_site_name":"Trofeos ABM","article_modified_time":"2025-03-31T23:02:25+00:00","og_image":[{"width":800,"height":800,"url":"https:\/\/trofeusabm.com\/wp-content\/uploads\/2025\/03\/1595.webp","type":"image\/webp"}],"twitter_card":"summary_large_image","twitter_misc":{"Temps estimat de lectura":"1 minut"},"schema":{"@context":"https:\/\/schema.org","@graph":[{"@type":"WebPage","@id":"https:\/\/trofeusabm.com\/ca\/producto\/trofeu-esportiu-de-caca-en-metall-decorat-amb-peanya-de-fusta-copia\/","url":"https:\/\/trofeusabm.com\/ca\/producto\/trofeu-esportiu-de-caca-en-metall-decorat-amb-peanya-de-fusta-copia\/","name":"Trofeu Esportiu d'Arts Marcials en Metall Decorat amb Peanya de Fusta - Trofeos ABM","isPartOf":{"@id":"https:\/\/trofeusabm.com\/ca\/#website"},"primaryImageOfPage":{"@id":"https:\/\/trofeusabm.com\/ca\/producto\/trofeu-esportiu-de-caca-en-metall-decorat-amb-peanya-de-fusta-copia\/#primaryimage"},"image":{"@id":"https:\/\/trofeusabm.com\/ca\/producto\/trofeu-esportiu-de-caca-en-metall-decorat-amb-peanya-de-fusta-copia\/#primaryimage"},"thumbnailUrl":"https:\/\/trofeusabm.com\/wp-content\/uploads\/2025\/03\/1595.webp","datePublished":"2025-03-31T07:37:41+00:00","dateModified":"2025-03-31T23:02:25+00:00","description":"Premia campions d'arts marcials amb aquest trofeu de metall i base de fusta, personalitzable amb logotip i text a color. Ideal per a destacar la seva destresa.","breadcrumb":{"@id":"https:\/\/trofeusabm.com\/ca\/producto\/trofeu-esportiu-de-caca-en-metall-decorat-amb-peanya-de-fusta-copia\/#breadcrumb"},"inLanguage":"ca","potentialAction":[{"@type":"ReadAction","target":["https:\/\/trofeusabm.com\/ca\/producto\/trofeu-esportiu-de-caca-en-metall-decorat-amb-peanya-de-fusta-copia\/"]}]},{"@type":"ImageObject","inLanguage":"ca","@id":"https:\/\/trofeusabm.com\/ca\/producto\/trofeu-esportiu-de-caca-en-metall-decorat-amb-peanya-de-fusta-copia\/#primaryimage","url":"https:\/\/trofeusabm.com\/wp-content\/uploads\/2025\/03\/1595.webp","contentUrl":"https:\/\/trofeusabm.com\/wp-content\/uploads\/2025\/03\/1595.webp","width":800,"height":800,"caption":"Trofeu Esportiu d'Arts Marcials en Metall Decorat amb Peanya de Fusta 1595"},{"@type":"BreadcrumbList","@id":"https:\/\/trofeusabm.com\/ca\/producto\/trofeu-esportiu-de-caca-en-metall-decorat-amb-peanya-de-fusta-copia\/#breadcrumb","itemListElement":[{"@type":"ListItem","position":1,"name":"Portada","item":"https:\/\/trofeusabm.com\/ca\/"},{"@type":"ListItem","position":2,"name":"Botiga","item":"https:\/\/trofeusabm.com\/tienda\/"},{"@type":"ListItem","position":3,"name":"Trofeu Esportiu d&#8217;Arts Marcials en Metall Decorat amb Peanya de Fusta"}]},{"@type":"WebSite","@id":"https:\/\/trofeusabm.com\/ca\/#website","url":"https:\/\/trofeusabm.com\/ca\/","name":"Trofeos ABM","description":"","publisher":{"@id":"https:\/\/trofeusabm.com\/ca\/#organization"},"potentialAction":[{"@type":"SearchAction","target":{"@type":"EntryPoint","urlTemplate":"https:\/\/trofeusabm.com\/ca\/?s={search_term_string}"},"query-input":{"@type":"PropertyValueSpecification","valueRequired":true,"valueName":"search_term_string"}}],"inLanguage":"ca"},{"@type":"Organization","@id":"https:\/\/trofeusabm.com\/ca\/#organization","name":"Trofeos ABM","url":"https:\/\/trofeusabm.com\/ca\/","logo":{"@type":"ImageObject","inLanguage":"ca","@id":"https:\/\/trofeusabm.com\/ca\/#\/schema\/logo\/image\/","url":"https:\/\/trofeusabm.com\/wp-content\/uploads\/2024\/08\/logo-1665059948.png","contentUrl":"https:\/\/trofeusabm.com\/wp-content\/uploads\/2024\/08\/logo-1665059948.png","width":320,"height":80,"caption":"Trofeos ABM"},"image":{"@id":"https:\/\/trofeusabm.com\/ca\/#\/schema\/logo\/image\/"}}]}},"_links":{"self":[{"href":"https:\/\/trofeusabm.com\/ca\/wp-json\/wp\/v2\/product\/15369","targetHints":{"allow":["GET"]}}],"collection":[{"href":"https:\/\/trofeusabm.com\/ca\/wp-json\/wp\/v2\/product"}],"about":[{"href":"https:\/\/trofeusabm.com\/ca\/wp-json\/wp\/v2\/types\/product"}],"replies":[{"embeddable":true,"href":"https:\/\/trofeusabm.com\/ca\/wp-json\/wp\/v2\/comments?post=15369"}],"version-history":[{"count":1,"href":"https:\/\/trofeusabm.com\/ca\/wp-json\/wp\/v2\/product\/15369\/revisions"}],"predecessor-version":[{"id":15379,"href":"https:\/\/trofeusabm.com\/ca\/wp-json\/wp\/v2\/product\/15369\/revisions\/15379"}],"wp:featuredmedia":[{"embeddable":true,"href":"https:\/\/trofeusabm.com\/ca\/wp-json\/wp\/v2\/media\/15374"}],"wp:attachment":[{"href":"https:\/\/trofeusabm.com\/ca\/wp-json\/wp\/v2\/media?parent=15369"}],"wp:term":[{"taxonomy":"product_brand","embeddable":true,"href":"https:\/\/trofeusabm.com\/ca\/wp-json\/wp\/v2\/product_brand?post=15369"},{"taxonomy":"product_cat","embeddable":true,"href":"https:\/\/trofeusabm.com\/ca\/wp-json\/wp\/v2\/product_cat?post=15369"},{"taxonomy":"product_tag","embeddable":true,"href":"https:\/\/trofeusabm.com\/ca\/wp-json\/wp\/v2\/product_tag?post=15369"}],"curies":[{"name":"wp","href":"https:\/\/api.w.org\/{rel}","templated":true}]}}