{"id":3488,"date":"2024-11-05T12:06:01","date_gmt":"2024-11-05T11:06:01","guid":{"rendered":"http:\/\/trofeusabm.com.mialias.net\/producto\/placa-dhomenatge-en-vidre-amb-gravacio-personalitzada-3\/"},"modified":"2024-11-05T12:06:01","modified_gmt":"2024-11-05T11:06:01","slug":"placa-dhomenatge-en-vidre-amb-gravacio-personalitzada-3","status":"publish","type":"product","link":"https:\/\/trofeusabm.com\/ca\/producto\/placa-dhomenatge-en-vidre-amb-gravacio-personalitzada-3\/","title":{"rendered":"Placa d&#8217;Homenatge en Vidre amb Gravaci\u00f3 Personalitzada"},"content":{"rendered":"<p>Elegant placa d&#8217;homenatge en vidre amb gravaci\u00f3 personalitzada a tot color de logos i textos. Ideal per a destacar moments importants. Es lliura amb un estoig incl\u00f2s.  <\/p>\n","protected":false},"excerpt":{"rendered":"<p>Placa d&#8217;homenatge en vidre amb gravaci\u00f3 personalitzada i estoig incl\u00f2s.<\/p>\n","protected":false},"featured_media":3464,"comment_status":"open","ping_status":"closed","template":"","meta":[],"product_brand":[],"product_cat":[526,395],"product_tag":[],"class_list":{"0":"post-3488","1":"product","2":"type-product","3":"status-publish","4":"has-post-thumbnail","6":"product_cat-imprescindibles-ca","7":"product_cat-plaques-dhomenatge","8":"wcpa_has_options","10":"first","11":"instock","12":"taxable","13":"shipping-taxable","14":"purchasable","15":"product-type-variable"},"yoast_head":"<!-- This site is optimized with the Yoast SEO Premium plugin v22.8 (Yoast SEO v27.5) - https:\/\/yoast.com\/product\/yoast-seo-premium-wordpress\/ -->\n<title>Placa d&#039;Homenatge en Vidre amb Gravaci\u00f3 Personalitzada - Trofeos ABM<\/title>\n<meta name=\"description\" content=\"Placa d&#039;homenatge en vidre amb gravaci\u00f3 personalitzada a tot color. Dissenyat i creat exclusivament per a tu per Trofeus ABM.\" \/>\n<meta name=\"robots\" content=\"index, follow, max-snippet:-1, max-image-preview:large, max-video-preview:-1\" \/>\n<link rel=\"canonical\" href=\"https:\/\/trofeusabm.com\/ca\/producto\/placa-dhomenatge-en-vidre-amb-gravacio-personalitzada-3\/\" \/>\n<meta property=\"og:locale\" content=\"ca_ES\" \/>\n<meta property=\"og:type\" content=\"article\" \/>\n<meta property=\"og:title\" content=\"Placa d&#039;Homenatge en Vidre amb Gravaci\u00f3 Personalitzada\" \/>\n<meta property=\"og:description\" content=\"Placa d&#039;homenatge en vidre amb gravaci\u00f3 personalitzada a tot color. Dissenyat i creat exclusivament per a tu per Trofeus ABM.\" \/>\n<meta property=\"og:url\" content=\"https:\/\/trofeusabm.com\/ca\/producto\/placa-dhomenatge-en-vidre-amb-gravacio-personalitzada-3\/\" \/>\n<meta property=\"og:site_name\" content=\"Trofeos ABM\" \/>\n<meta property=\"og:image\" content=\"https:\/\/trofeusabm.com\/wp-content\/uploads\/2024\/11\/97019_result.webp\" \/>\n\t<meta property=\"og:image:width\" content=\"600\" \/>\n\t<meta property=\"og:image:height\" content=\"600\" \/>\n\t<meta property=\"og:image:type\" content=\"image\/webp\" \/>\n<meta name=\"twitter:card\" content=\"summary_large_image\" \/>\n<script type=\"application\/ld+json\" class=\"yoast-schema-graph\">{\"@context\":\"https:\\\/\\\/schema.org\",\"@graph\":[{\"@type\":\"WebPage\",\"@id\":\"https:\\\/\\\/trofeusabm.com\\\/ca\\\/producto\\\/placa-dhomenatge-en-vidre-amb-gravacio-personalitzada-3\\\/\",\"url\":\"https:\\\/\\\/trofeusabm.com\\\/ca\\\/producto\\\/placa-dhomenatge-en-vidre-amb-gravacio-personalitzada-3\\\/\",\"name\":\"Placa d'Homenatge en Vidre amb Gravaci\u00f3 Personalitzada - Trofeos ABM\",\"isPartOf\":{\"@id\":\"https:\\\/\\\/trofeusabm.com\\\/ca\\\/#website\"},\"primaryImageOfPage\":{\"@id\":\"https:\\\/\\\/trofeusabm.com\\\/ca\\\/producto\\\/placa-dhomenatge-en-vidre-amb-gravacio-personalitzada-3\\\/#primaryimage\"},\"image\":{\"@id\":\"https:\\\/\\\/trofeusabm.com\\\/ca\\\/producto\\\/placa-dhomenatge-en-vidre-amb-gravacio-personalitzada-3\\\/#primaryimage\"},\"thumbnailUrl\":\"https:\\\/\\\/trofeusabm.com\\\/wp-content\\\/uploads\\\/2024\\\/11\\\/97019_result.webp\",\"datePublished\":\"2024-11-05T11:06:01+00:00\",\"description\":\"Placa d'homenatge en vidre amb gravaci\u00f3 personalitzada a tot color. Dissenyat i creat exclusivament per a tu per Trofeus ABM.\",\"breadcrumb\":{\"@id\":\"https:\\\/\\\/trofeusabm.com\\\/ca\\\/producto\\\/placa-dhomenatge-en-vidre-amb-gravacio-personalitzada-3\\\/#breadcrumb\"},\"inLanguage\":\"ca\",\"potentialAction\":[{\"@type\":\"ReadAction\",\"target\":[\"https:\\\/\\\/trofeusabm.com\\\/ca\\\/producto\\\/placa-dhomenatge-en-vidre-amb-gravacio-personalitzada-3\\\/\"]}]},{\"@type\":\"ImageObject\",\"inLanguage\":\"ca\",\"@id\":\"https:\\\/\\\/trofeusabm.com\\\/ca\\\/producto\\\/placa-dhomenatge-en-vidre-amb-gravacio-personalitzada-3\\\/#primaryimage\",\"url\":\"https:\\\/\\\/trofeusabm.com\\\/wp-content\\\/uploads\\\/2024\\\/11\\\/97019_result.webp\",\"contentUrl\":\"https:\\\/\\\/trofeusabm.com\\\/wp-content\\\/uploads\\\/2024\\\/11\\\/97019_result.webp\",\"width\":600,\"height\":600,\"caption\":\"Placa d'Homenatge en Vidre\"},{\"@type\":\"BreadcrumbList\",\"@id\":\"https:\\\/\\\/trofeusabm.com\\\/ca\\\/producto\\\/placa-dhomenatge-en-vidre-amb-gravacio-personalitzada-3\\\/#breadcrumb\",\"itemListElement\":[{\"@type\":\"ListItem\",\"position\":1,\"name\":\"Portada\",\"item\":\"https:\\\/\\\/trofeusabm.com\\\/ca\\\/\"},{\"@type\":\"ListItem\",\"position\":2,\"name\":\"Botiga\",\"item\":\"https:\\\/\\\/trofeusabm.com\\\/tienda\\\/\"},{\"@type\":\"ListItem\",\"position\":3,\"name\":\"Placa d&#8217;Homenatge en Vidre amb Gravaci\u00f3 Personalitzada\"}]},{\"@type\":\"WebSite\",\"@id\":\"https:\\\/\\\/trofeusabm.com\\\/ca\\\/#website\",\"url\":\"https:\\\/\\\/trofeusabm.com\\\/ca\\\/\",\"name\":\"Trofeos ABM\",\"description\":\"\",\"publisher\":{\"@id\":\"https:\\\/\\\/trofeusabm.com\\\/ca\\\/#organization\"},\"potentialAction\":[{\"@type\":\"SearchAction\",\"target\":{\"@type\":\"EntryPoint\",\"urlTemplate\":\"https:\\\/\\\/trofeusabm.com\\\/ca\\\/?s={search_term_string}\"},\"query-input\":{\"@type\":\"PropertyValueSpecification\",\"valueRequired\":true,\"valueName\":\"search_term_string\"}}],\"inLanguage\":\"ca\"},{\"@type\":\"Organization\",\"@id\":\"https:\\\/\\\/trofeusabm.com\\\/ca\\\/#organization\",\"name\":\"Trofeos ABM\",\"url\":\"https:\\\/\\\/trofeusabm.com\\\/ca\\\/\",\"logo\":{\"@type\":\"ImageObject\",\"inLanguage\":\"ca\",\"@id\":\"https:\\\/\\\/trofeusabm.com\\\/ca\\\/#\\\/schema\\\/logo\\\/image\\\/\",\"url\":\"https:\\\/\\\/trofeusabm.com\\\/wp-content\\\/uploads\\\/2024\\\/08\\\/logo-1665059948.png\",\"contentUrl\":\"https:\\\/\\\/trofeusabm.com\\\/wp-content\\\/uploads\\\/2024\\\/08\\\/logo-1665059948.png\",\"width\":320,\"height\":80,\"caption\":\"Trofeos ABM\"},\"image\":{\"@id\":\"https:\\\/\\\/trofeusabm.com\\\/ca\\\/#\\\/schema\\\/logo\\\/image\\\/\"}}]}<\/script>\n<!-- \/ Yoast SEO Premium plugin. -->","yoast_head_json":{"title":"Placa d'Homenatge en Vidre amb Gravaci\u00f3 Personalitzada - Trofeos ABM","description":"Placa d'homenatge en vidre amb gravaci\u00f3 personalitzada a tot color. Dissenyat i creat exclusivament per a tu per Trofeus ABM.","robots":{"index":"index","follow":"follow","max-snippet":"max-snippet:-1","max-image-preview":"max-image-preview:large","max-video-preview":"max-video-preview:-1"},"canonical":"https:\/\/trofeusabm.com\/ca\/producto\/placa-dhomenatge-en-vidre-amb-gravacio-personalitzada-3\/","og_locale":"ca_ES","og_type":"article","og_title":"Placa d'Homenatge en Vidre amb Gravaci\u00f3 Personalitzada","og_description":"Placa d'homenatge en vidre amb gravaci\u00f3 personalitzada a tot color. Dissenyat i creat exclusivament per a tu per Trofeus ABM.","og_url":"https:\/\/trofeusabm.com\/ca\/producto\/placa-dhomenatge-en-vidre-amb-gravacio-personalitzada-3\/","og_site_name":"Trofeos ABM","og_image":[{"width":600,"height":600,"url":"https:\/\/trofeusabm.com\/wp-content\/uploads\/2024\/11\/97019_result.webp","type":"image\/webp"}],"twitter_card":"summary_large_image","schema":{"@context":"https:\/\/schema.org","@graph":[{"@type":"WebPage","@id":"https:\/\/trofeusabm.com\/ca\/producto\/placa-dhomenatge-en-vidre-amb-gravacio-personalitzada-3\/","url":"https:\/\/trofeusabm.com\/ca\/producto\/placa-dhomenatge-en-vidre-amb-gravacio-personalitzada-3\/","name":"Placa d'Homenatge en Vidre amb Gravaci\u00f3 Personalitzada - Trofeos ABM","isPartOf":{"@id":"https:\/\/trofeusabm.com\/ca\/#website"},"primaryImageOfPage":{"@id":"https:\/\/trofeusabm.com\/ca\/producto\/placa-dhomenatge-en-vidre-amb-gravacio-personalitzada-3\/#primaryimage"},"image":{"@id":"https:\/\/trofeusabm.com\/ca\/producto\/placa-dhomenatge-en-vidre-amb-gravacio-personalitzada-3\/#primaryimage"},"thumbnailUrl":"https:\/\/trofeusabm.com\/wp-content\/uploads\/2024\/11\/97019_result.webp","datePublished":"2024-11-05T11:06:01+00:00","description":"Placa d'homenatge en vidre amb gravaci\u00f3 personalitzada a tot color. Dissenyat i creat exclusivament per a tu per Trofeus ABM.","breadcrumb":{"@id":"https:\/\/trofeusabm.com\/ca\/producto\/placa-dhomenatge-en-vidre-amb-gravacio-personalitzada-3\/#breadcrumb"},"inLanguage":"ca","potentialAction":[{"@type":"ReadAction","target":["https:\/\/trofeusabm.com\/ca\/producto\/placa-dhomenatge-en-vidre-amb-gravacio-personalitzada-3\/"]}]},{"@type":"ImageObject","inLanguage":"ca","@id":"https:\/\/trofeusabm.com\/ca\/producto\/placa-dhomenatge-en-vidre-amb-gravacio-personalitzada-3\/#primaryimage","url":"https:\/\/trofeusabm.com\/wp-content\/uploads\/2024\/11\/97019_result.webp","contentUrl":"https:\/\/trofeusabm.com\/wp-content\/uploads\/2024\/11\/97019_result.webp","width":600,"height":600,"caption":"Placa d'Homenatge en Vidre"},{"@type":"BreadcrumbList","@id":"https:\/\/trofeusabm.com\/ca\/producto\/placa-dhomenatge-en-vidre-amb-gravacio-personalitzada-3\/#breadcrumb","itemListElement":[{"@type":"ListItem","position":1,"name":"Portada","item":"https:\/\/trofeusabm.com\/ca\/"},{"@type":"ListItem","position":2,"name":"Botiga","item":"https:\/\/trofeusabm.com\/tienda\/"},{"@type":"ListItem","position":3,"name":"Placa d&#8217;Homenatge en Vidre amb Gravaci\u00f3 Personalitzada"}]},{"@type":"WebSite","@id":"https:\/\/trofeusabm.com\/ca\/#website","url":"https:\/\/trofeusabm.com\/ca\/","name":"Trofeos ABM","description":"","publisher":{"@id":"https:\/\/trofeusabm.com\/ca\/#organization"},"potentialAction":[{"@type":"SearchAction","target":{"@type":"EntryPoint","urlTemplate":"https:\/\/trofeusabm.com\/ca\/?s={search_term_string}"},"query-input":{"@type":"PropertyValueSpecification","valueRequired":true,"valueName":"search_term_string"}}],"inLanguage":"ca"},{"@type":"Organization","@id":"https:\/\/trofeusabm.com\/ca\/#organization","name":"Trofeos ABM","url":"https:\/\/trofeusabm.com\/ca\/","logo":{"@type":"ImageObject","inLanguage":"ca","@id":"https:\/\/trofeusabm.com\/ca\/#\/schema\/logo\/image\/","url":"https:\/\/trofeusabm.com\/wp-content\/uploads\/2024\/08\/logo-1665059948.png","contentUrl":"https:\/\/trofeusabm.com\/wp-content\/uploads\/2024\/08\/logo-1665059948.png","width":320,"height":80,"caption":"Trofeos ABM"},"image":{"@id":"https:\/\/trofeusabm.com\/ca\/#\/schema\/logo\/image\/"}}]}},"_links":{"self":[{"href":"https:\/\/trofeusabm.com\/ca\/wp-json\/wp\/v2\/product\/3488","targetHints":{"allow":["GET"]}}],"collection":[{"href":"https:\/\/trofeusabm.com\/ca\/wp-json\/wp\/v2\/product"}],"about":[{"href":"https:\/\/trofeusabm.com\/ca\/wp-json\/wp\/v2\/types\/product"}],"replies":[{"embeddable":true,"href":"https:\/\/trofeusabm.com\/ca\/wp-json\/wp\/v2\/comments?post=3488"}],"version-history":[{"count":0,"href":"https:\/\/trofeusabm.com\/ca\/wp-json\/wp\/v2\/product\/3488\/revisions"}],"wp:featuredmedia":[{"embeddable":true,"href":"https:\/\/trofeusabm.com\/ca\/wp-json\/wp\/v2\/media\/3464"}],"wp:attachment":[{"href":"https:\/\/trofeusabm.com\/ca\/wp-json\/wp\/v2\/media?parent=3488"}],"wp:term":[{"taxonomy":"product_brand","embeddable":true,"href":"https:\/\/trofeusabm.com\/ca\/wp-json\/wp\/v2\/product_brand?post=3488"},{"taxonomy":"product_cat","embeddable":true,"href":"https:\/\/trofeusabm.com\/ca\/wp-json\/wp\/v2\/product_cat?post=3488"},{"taxonomy":"product_tag","embeddable":true,"href":"https:\/\/trofeusabm.com\/ca\/wp-json\/wp\/v2\/product_tag?post=3488"}],"curies":[{"name":"wp","href":"https:\/\/api.w.org\/{rel}","templated":true}]}}