{"id":3493,"date":"2024-10-24T13:13:22","date_gmt":"2024-10-24T11:13:22","guid":{"rendered":"http:\/\/trofeusabm.com.mialias.net\/producto\/medalla-de-ferro-amb-forma-descut-esportiu-i-gravacio-a-tot-color\/"},"modified":"2024-11-29T10:34:26","modified_gmt":"2024-11-29T09:34:26","slug":"medalla-de-ferro-amb-forma-descut-esportiu-i-gravacio-a-tot-color","status":"publish","type":"product","link":"https:\/\/trofeusabm.com\/ca\/producto\/medalla-de-ferro-amb-forma-descut-esportiu-i-gravacio-a-tot-color\/","title":{"rendered":"Medalla de Ferro amb Forma d&#8217;Escut Esportiu i Gravaci\u00f3 a Tot Color"},"content":{"rendered":"<p>&nbsp;<\/p>\n<p>Medalla de ferro amb disseny en forma d&#8217;escut esportiu. Ideal per a premiar qualsevol competici\u00f3. La gravaci\u00f3 personalitzada es realitza a tot color en una cara, oferint una distinci\u00f3 \u00fanica per als teus esdeveniments. Cinta per a penjar en el coll a triar entre una varietat de colors.   <\/p>\n","protected":false},"excerpt":{"rendered":"<p>Medalla de ferro en forma d&#8217;escut esportiu amb gravaci\u00f3 personalitzada a tot color i cinta a triar. Disponible en tots els esports.<\/p>\n","protected":false},"featured_media":3188,"comment_status":"open","ping_status":"closed","template":"","meta":[],"product_brand":[],"product_cat":[389,388],"product_tag":[],"class_list":{"0":"post-3493","1":"product","2":"type-product","3":"status-publish","4":"has-post-thumbnail","6":"product_cat-esports","7":"product_cat-medalles","8":"wcpa_has_options","10":"first","11":"instock","12":"featured","13":"taxable","14":"shipping-taxable","15":"purchasable","16":"product-type-variable"},"yoast_head":"<!-- This site is optimized with the Yoast SEO Premium plugin v22.8 (Yoast SEO v27.1) - https:\/\/yoast.com\/product\/yoast-seo-premium-wordpress\/ -->\n<title>Medalla de Ferro amb Forma d&#039;Escut Esportiu i Gravaci\u00f3 a Tot Color - Trofeos ABM<\/title>\n<meta name=\"description\" content=\"Medalla de ferro amb forma d&#039;escut esportiu i gravaci\u00f3 personalitzada a tot color. Dissenyat exclusivament per Trofeus ABM.\" \/>\n<meta name=\"robots\" content=\"index, follow, max-snippet:-1, max-image-preview:large, max-video-preview:-1\" \/>\n<link rel=\"canonical\" href=\"https:\/\/trofeusabm.com\/ca\/producto\/medalla-de-ferro-amb-forma-descut-esportiu-i-gravacio-a-tot-color\/\" \/>\n<meta property=\"og:locale\" content=\"ca_ES\" \/>\n<meta property=\"og:type\" content=\"article\" \/>\n<meta property=\"og:title\" content=\"Medalla de Ferro amb Forma d&#039;Escut Esportiu i Gravaci\u00f3 a Tot Color\" \/>\n<meta property=\"og:description\" content=\"Medalla de ferro amb forma d&#039;escut esportiu i gravaci\u00f3 personalitzada a tot color. Dissenyat exclusivament per Trofeus ABM.\" \/>\n<meta property=\"og:url\" content=\"https:\/\/trofeusabm.com\/ca\/producto\/medalla-de-ferro-amb-forma-descut-esportiu-i-gravacio-a-tot-color\/\" \/>\n<meta property=\"og:site_name\" content=\"Trofeos ABM\" \/>\n<meta property=\"article:modified_time\" content=\"2024-11-29T09:34:26+00:00\" \/>\n<meta property=\"og:image\" content=\"https:\/\/trofeusabm.com\/wp-content\/uploads\/2024\/10\/29912_result.webp\" \/>\n\t<meta property=\"og:image:width\" content=\"600\" \/>\n\t<meta property=\"og:image:height\" content=\"600\" \/>\n\t<meta property=\"og:image:type\" content=\"image\/webp\" \/>\n<meta name=\"twitter:card\" content=\"summary_large_image\" \/>\n<script type=\"application\/ld+json\" class=\"yoast-schema-graph\">{\"@context\":\"https:\/\/schema.org\",\"@graph\":[{\"@type\":\"WebPage\",\"@id\":\"https:\/\/trofeusabm.com\/ca\/producto\/medalla-de-ferro-amb-forma-descut-esportiu-i-gravacio-a-tot-color\/\",\"url\":\"https:\/\/trofeusabm.com\/ca\/producto\/medalla-de-ferro-amb-forma-descut-esportiu-i-gravacio-a-tot-color\/\",\"name\":\"Medalla de Ferro amb Forma d'Escut Esportiu i Gravaci\u00f3 a Tot Color - Trofeos ABM\",\"isPartOf\":{\"@id\":\"https:\/\/trofeusabm.com\/ca\/#website\"},\"primaryImageOfPage\":{\"@id\":\"https:\/\/trofeusabm.com\/ca\/producto\/medalla-de-ferro-amb-forma-descut-esportiu-i-gravacio-a-tot-color\/#primaryimage\"},\"image\":{\"@id\":\"https:\/\/trofeusabm.com\/ca\/producto\/medalla-de-ferro-amb-forma-descut-esportiu-i-gravacio-a-tot-color\/#primaryimage\"},\"thumbnailUrl\":\"https:\/\/trofeusabm.com\/wp-content\/uploads\/2024\/10\/29912_result.webp\",\"datePublished\":\"2024-10-24T11:13:22+00:00\",\"dateModified\":\"2024-11-29T09:34:26+00:00\",\"description\":\"Medalla de ferro amb forma d'escut esportiu i gravaci\u00f3 personalitzada a tot color. Dissenyat exclusivament per Trofeus ABM.\",\"breadcrumb\":{\"@id\":\"https:\/\/trofeusabm.com\/ca\/producto\/medalla-de-ferro-amb-forma-descut-esportiu-i-gravacio-a-tot-color\/#breadcrumb\"},\"inLanguage\":\"ca\",\"potentialAction\":[{\"@type\":\"ReadAction\",\"target\":[\"https:\/\/trofeusabm.com\/ca\/producto\/medalla-de-ferro-amb-forma-descut-esportiu-i-gravacio-a-tot-color\/\"]}]},{\"@type\":\"ImageObject\",\"inLanguage\":\"ca\",\"@id\":\"https:\/\/trofeusabm.com\/ca\/producto\/medalla-de-ferro-amb-forma-descut-esportiu-i-gravacio-a-tot-color\/#primaryimage\",\"url\":\"https:\/\/trofeusabm.com\/wp-content\/uploads\/2024\/10\/29912_result.webp\",\"contentUrl\":\"https:\/\/trofeusabm.com\/wp-content\/uploads\/2024\/10\/29912_result.webp\",\"width\":600,\"height\":600,\"caption\":\"medalla de ferro amb forma d'escut esportiu\"},{\"@type\":\"BreadcrumbList\",\"@id\":\"https:\/\/trofeusabm.com\/ca\/producto\/medalla-de-ferro-amb-forma-descut-esportiu-i-gravacio-a-tot-color\/#breadcrumb\",\"itemListElement\":[{\"@type\":\"ListItem\",\"position\":1,\"name\":\"Portada\",\"item\":\"https:\/\/trofeusabm.com\/ca\/\"},{\"@type\":\"ListItem\",\"position\":2,\"name\":\"Botiga\",\"item\":\"https:\/\/trofeusabm.com\/tienda\/\"},{\"@type\":\"ListItem\",\"position\":3,\"name\":\"Medalla de Ferro amb Forma d&#8217;Escut Esportiu i Gravaci\u00f3 a Tot Color\"}]},{\"@type\":\"WebSite\",\"@id\":\"https:\/\/trofeusabm.com\/ca\/#website\",\"url\":\"https:\/\/trofeusabm.com\/ca\/\",\"name\":\"Trofeos ABM\",\"description\":\"\",\"publisher\":{\"@id\":\"https:\/\/trofeusabm.com\/ca\/#organization\"},\"potentialAction\":[{\"@type\":\"SearchAction\",\"target\":{\"@type\":\"EntryPoint\",\"urlTemplate\":\"https:\/\/trofeusabm.com\/ca\/?s={search_term_string}\"},\"query-input\":{\"@type\":\"PropertyValueSpecification\",\"valueRequired\":true,\"valueName\":\"search_term_string\"}}],\"inLanguage\":\"ca\"},{\"@type\":\"Organization\",\"@id\":\"https:\/\/trofeusabm.com\/ca\/#organization\",\"name\":\"Trofeos ABM\",\"url\":\"https:\/\/trofeusabm.com\/ca\/\",\"logo\":{\"@type\":\"ImageObject\",\"inLanguage\":\"ca\",\"@id\":\"https:\/\/trofeusabm.com\/ca\/#\/schema\/logo\/image\/\",\"url\":\"https:\/\/trofeusabm.com\/wp-content\/uploads\/2024\/08\/logo-1665059948.png\",\"contentUrl\":\"https:\/\/trofeusabm.com\/wp-content\/uploads\/2024\/08\/logo-1665059948.png\",\"width\":320,\"height\":80,\"caption\":\"Trofeos ABM\"},\"image\":{\"@id\":\"https:\/\/trofeusabm.com\/ca\/#\/schema\/logo\/image\/\"}}]}<\/script>\n<!-- \/ Yoast SEO Premium plugin. -->","yoast_head_json":{"title":"Medalla de Ferro amb Forma d'Escut Esportiu i Gravaci\u00f3 a Tot Color - Trofeos ABM","description":"Medalla de ferro amb forma d'escut esportiu i gravaci\u00f3 personalitzada a tot color. Dissenyat exclusivament per Trofeus ABM.","robots":{"index":"index","follow":"follow","max-snippet":"max-snippet:-1","max-image-preview":"max-image-preview:large","max-video-preview":"max-video-preview:-1"},"canonical":"https:\/\/trofeusabm.com\/ca\/producto\/medalla-de-ferro-amb-forma-descut-esportiu-i-gravacio-a-tot-color\/","og_locale":"ca_ES","og_type":"article","og_title":"Medalla de Ferro amb Forma d'Escut Esportiu i Gravaci\u00f3 a Tot Color","og_description":"Medalla de ferro amb forma d'escut esportiu i gravaci\u00f3 personalitzada a tot color. Dissenyat exclusivament per Trofeus ABM.","og_url":"https:\/\/trofeusabm.com\/ca\/producto\/medalla-de-ferro-amb-forma-descut-esportiu-i-gravacio-a-tot-color\/","og_site_name":"Trofeos ABM","article_modified_time":"2024-11-29T09:34:26+00:00","og_image":[{"width":600,"height":600,"url":"https:\/\/trofeusabm.com\/wp-content\/uploads\/2024\/10\/29912_result.webp","type":"image\/webp"}],"twitter_card":"summary_large_image","schema":{"@context":"https:\/\/schema.org","@graph":[{"@type":"WebPage","@id":"https:\/\/trofeusabm.com\/ca\/producto\/medalla-de-ferro-amb-forma-descut-esportiu-i-gravacio-a-tot-color\/","url":"https:\/\/trofeusabm.com\/ca\/producto\/medalla-de-ferro-amb-forma-descut-esportiu-i-gravacio-a-tot-color\/","name":"Medalla de Ferro amb Forma d'Escut Esportiu i Gravaci\u00f3 a Tot Color - Trofeos ABM","isPartOf":{"@id":"https:\/\/trofeusabm.com\/ca\/#website"},"primaryImageOfPage":{"@id":"https:\/\/trofeusabm.com\/ca\/producto\/medalla-de-ferro-amb-forma-descut-esportiu-i-gravacio-a-tot-color\/#primaryimage"},"image":{"@id":"https:\/\/trofeusabm.com\/ca\/producto\/medalla-de-ferro-amb-forma-descut-esportiu-i-gravacio-a-tot-color\/#primaryimage"},"thumbnailUrl":"https:\/\/trofeusabm.com\/wp-content\/uploads\/2024\/10\/29912_result.webp","datePublished":"2024-10-24T11:13:22+00:00","dateModified":"2024-11-29T09:34:26+00:00","description":"Medalla de ferro amb forma d'escut esportiu i gravaci\u00f3 personalitzada a tot color. Dissenyat exclusivament per Trofeus ABM.","breadcrumb":{"@id":"https:\/\/trofeusabm.com\/ca\/producto\/medalla-de-ferro-amb-forma-descut-esportiu-i-gravacio-a-tot-color\/#breadcrumb"},"inLanguage":"ca","potentialAction":[{"@type":"ReadAction","target":["https:\/\/trofeusabm.com\/ca\/producto\/medalla-de-ferro-amb-forma-descut-esportiu-i-gravacio-a-tot-color\/"]}]},{"@type":"ImageObject","inLanguage":"ca","@id":"https:\/\/trofeusabm.com\/ca\/producto\/medalla-de-ferro-amb-forma-descut-esportiu-i-gravacio-a-tot-color\/#primaryimage","url":"https:\/\/trofeusabm.com\/wp-content\/uploads\/2024\/10\/29912_result.webp","contentUrl":"https:\/\/trofeusabm.com\/wp-content\/uploads\/2024\/10\/29912_result.webp","width":600,"height":600,"caption":"medalla de ferro amb forma d'escut esportiu"},{"@type":"BreadcrumbList","@id":"https:\/\/trofeusabm.com\/ca\/producto\/medalla-de-ferro-amb-forma-descut-esportiu-i-gravacio-a-tot-color\/#breadcrumb","itemListElement":[{"@type":"ListItem","position":1,"name":"Portada","item":"https:\/\/trofeusabm.com\/ca\/"},{"@type":"ListItem","position":2,"name":"Botiga","item":"https:\/\/trofeusabm.com\/tienda\/"},{"@type":"ListItem","position":3,"name":"Medalla de Ferro amb Forma d&#8217;Escut Esportiu i Gravaci\u00f3 a Tot Color"}]},{"@type":"WebSite","@id":"https:\/\/trofeusabm.com\/ca\/#website","url":"https:\/\/trofeusabm.com\/ca\/","name":"Trofeos ABM","description":"","publisher":{"@id":"https:\/\/trofeusabm.com\/ca\/#organization"},"potentialAction":[{"@type":"SearchAction","target":{"@type":"EntryPoint","urlTemplate":"https:\/\/trofeusabm.com\/ca\/?s={search_term_string}"},"query-input":{"@type":"PropertyValueSpecification","valueRequired":true,"valueName":"search_term_string"}}],"inLanguage":"ca"},{"@type":"Organization","@id":"https:\/\/trofeusabm.com\/ca\/#organization","name":"Trofeos ABM","url":"https:\/\/trofeusabm.com\/ca\/","logo":{"@type":"ImageObject","inLanguage":"ca","@id":"https:\/\/trofeusabm.com\/ca\/#\/schema\/logo\/image\/","url":"https:\/\/trofeusabm.com\/wp-content\/uploads\/2024\/08\/logo-1665059948.png","contentUrl":"https:\/\/trofeusabm.com\/wp-content\/uploads\/2024\/08\/logo-1665059948.png","width":320,"height":80,"caption":"Trofeos ABM"},"image":{"@id":"https:\/\/trofeusabm.com\/ca\/#\/schema\/logo\/image\/"}}]}},"_links":{"self":[{"href":"https:\/\/trofeusabm.com\/ca\/wp-json\/wp\/v2\/product\/3493","targetHints":{"allow":["GET"]}}],"collection":[{"href":"https:\/\/trofeusabm.com\/ca\/wp-json\/wp\/v2\/product"}],"about":[{"href":"https:\/\/trofeusabm.com\/ca\/wp-json\/wp\/v2\/types\/product"}],"replies":[{"embeddable":true,"href":"https:\/\/trofeusabm.com\/ca\/wp-json\/wp\/v2\/comments?post=3493"}],"version-history":[{"count":1,"href":"https:\/\/trofeusabm.com\/ca\/wp-json\/wp\/v2\/product\/3493\/revisions"}],"predecessor-version":[{"id":9941,"href":"https:\/\/trofeusabm.com\/ca\/wp-json\/wp\/v2\/product\/3493\/revisions\/9941"}],"wp:featuredmedia":[{"embeddable":true,"href":"https:\/\/trofeusabm.com\/ca\/wp-json\/wp\/v2\/media\/3188"}],"wp:attachment":[{"href":"https:\/\/trofeusabm.com\/ca\/wp-json\/wp\/v2\/media?parent=3493"}],"wp:term":[{"taxonomy":"product_brand","embeddable":true,"href":"https:\/\/trofeusabm.com\/ca\/wp-json\/wp\/v2\/product_brand?post=3493"},{"taxonomy":"product_cat","embeddable":true,"href":"https:\/\/trofeusabm.com\/ca\/wp-json\/wp\/v2\/product_cat?post=3493"},{"taxonomy":"product_tag","embeddable":true,"href":"https:\/\/trofeusabm.com\/ca\/wp-json\/wp\/v2\/product_tag?post=3493"}],"curies":[{"name":"wp","href":"https:\/\/api.w.org\/{rel}","templated":true}]}}