{"id":3510,"date":"2024-10-24T12:18:13","date_gmt":"2024-10-24T10:18:13","guid":{"rendered":"http:\/\/trofeusabm.com.mialias.net\/producto\/placa-dhomenatge-en-vidre-amb-gravacio-personalitzada-4\/"},"modified":"2024-10-24T12:18:13","modified_gmt":"2024-10-24T10:18:13","slug":"placa-dhomenatge-en-vidre-amb-gravacio-personalitzada-4","status":"publish","type":"product","link":"https:\/\/trofeusabm.com\/ca\/producto\/placa-dhomenatge-en-vidre-amb-gravacio-personalitzada-4\/","title":{"rendered":"Placa d&#8217;Homenatge en Vidre amb Gravaci\u00f3 Personalitzada"},"content":{"rendered":"<p>Placa d&#8217;homenatge en vidre, amb la gravaci\u00f3 personalitzada de logos i textos a tot color. Perfecta per a recon\u00e8ixer assoliments i esdeveniments especials. Inclou estoig per a presentaci\u00f3.  <\/p>\n","protected":false},"excerpt":{"rendered":"<p>Placa d&#8217;homenatge en vidre amb gravaci\u00f3 a tot color. Estoig incl\u00f2s. <\/p>\n","protected":false},"featured_media":3239,"comment_status":"open","ping_status":"closed","template":"","meta":[],"product_brand":[],"product_cat":[395],"product_tag":[],"class_list":{"0":"post-3510","1":"product","2":"type-product","3":"status-publish","4":"has-post-thumbnail","6":"product_cat-plaques-dhomenatge","7":"wcpa_has_options","9":"first","10":"instock","11":"taxable","12":"shipping-taxable","13":"purchasable","14":"product-type-variable"},"yoast_head":"<!-- This site is optimized with the Yoast SEO Premium plugin v22.8 (Yoast SEO v27.5) - https:\/\/yoast.com\/product\/yoast-seo-premium-wordpress\/ -->\n<title>Placa d&#039;Homenatge en Vidre amb Gravaci\u00f3 Personalitzada - Trofeos ABM<\/title>\n<meta name=\"description\" content=\"Placa d&#039;homenatge en vidre amb gravaci\u00f3 personalitzada a tot color. Dissenyat per Trofeus ABM.\" \/>\n<meta name=\"robots\" content=\"index, follow, max-snippet:-1, max-image-preview:large, max-video-preview:-1\" \/>\n<link rel=\"canonical\" href=\"https:\/\/trofeusabm.com\/ca\/producto\/placa-dhomenatge-en-vidre-amb-gravacio-personalitzada-4\/\" \/>\n<meta property=\"og:locale\" content=\"ca_ES\" \/>\n<meta property=\"og:type\" content=\"article\" \/>\n<meta property=\"og:title\" content=\"Placa d&#039;Homenatge en Vidre amb Gravaci\u00f3 Personalitzada\" \/>\n<meta property=\"og:description\" content=\"Placa d&#039;homenatge en vidre amb gravaci\u00f3 personalitzada a tot color. Dissenyat per Trofeus ABM.\" \/>\n<meta property=\"og:url\" content=\"https:\/\/trofeusabm.com\/ca\/producto\/placa-dhomenatge-en-vidre-amb-gravacio-personalitzada-4\/\" \/>\n<meta property=\"og:site_name\" content=\"Trofeos ABM\" \/>\n<meta property=\"og:image\" content=\"https:\/\/trofeusabm.com\/wp-content\/uploads\/2024\/10\/97017.png\" \/>\n\t<meta property=\"og:image:width\" content=\"702\" \/>\n\t<meta property=\"og:image:height\" content=\"697\" \/>\n\t<meta property=\"og:image:type\" content=\"image\/png\" \/>\n<meta name=\"twitter:card\" content=\"summary_large_image\" \/>\n<script type=\"application\/ld+json\" class=\"yoast-schema-graph\">{\"@context\":\"https:\\\/\\\/schema.org\",\"@graph\":[{\"@type\":\"WebPage\",\"@id\":\"https:\\\/\\\/trofeusabm.com\\\/ca\\\/producto\\\/placa-dhomenatge-en-vidre-amb-gravacio-personalitzada-4\\\/\",\"url\":\"https:\\\/\\\/trofeusabm.com\\\/ca\\\/producto\\\/placa-dhomenatge-en-vidre-amb-gravacio-personalitzada-4\\\/\",\"name\":\"Placa d'Homenatge en Vidre amb Gravaci\u00f3 Personalitzada - Trofeos ABM\",\"isPartOf\":{\"@id\":\"https:\\\/\\\/trofeusabm.com\\\/ca\\\/#website\"},\"primaryImageOfPage\":{\"@id\":\"https:\\\/\\\/trofeusabm.com\\\/ca\\\/producto\\\/placa-dhomenatge-en-vidre-amb-gravacio-personalitzada-4\\\/#primaryimage\"},\"image\":{\"@id\":\"https:\\\/\\\/trofeusabm.com\\\/ca\\\/producto\\\/placa-dhomenatge-en-vidre-amb-gravacio-personalitzada-4\\\/#primaryimage\"},\"thumbnailUrl\":\"https:\\\/\\\/trofeusabm.com\\\/wp-content\\\/uploads\\\/2024\\\/10\\\/97017.png\",\"datePublished\":\"2024-10-24T10:18:13+00:00\",\"description\":\"Placa d'homenatge en vidre amb gravaci\u00f3 personalitzada a tot color. Dissenyat per Trofeus ABM.\",\"breadcrumb\":{\"@id\":\"https:\\\/\\\/trofeusabm.com\\\/ca\\\/producto\\\/placa-dhomenatge-en-vidre-amb-gravacio-personalitzada-4\\\/#breadcrumb\"},\"inLanguage\":\"ca\",\"potentialAction\":[{\"@type\":\"ReadAction\",\"target\":[\"https:\\\/\\\/trofeusabm.com\\\/ca\\\/producto\\\/placa-dhomenatge-en-vidre-amb-gravacio-personalitzada-4\\\/\"]}]},{\"@type\":\"ImageObject\",\"inLanguage\":\"ca\",\"@id\":\"https:\\\/\\\/trofeusabm.com\\\/ca\\\/producto\\\/placa-dhomenatge-en-vidre-amb-gravacio-personalitzada-4\\\/#primaryimage\",\"url\":\"https:\\\/\\\/trofeusabm.com\\\/wp-content\\\/uploads\\\/2024\\\/10\\\/97017.png\",\"contentUrl\":\"https:\\\/\\\/trofeusabm.com\\\/wp-content\\\/uploads\\\/2024\\\/10\\\/97017.png\",\"width\":702,\"height\":697,\"caption\":\"97017\"},{\"@type\":\"BreadcrumbList\",\"@id\":\"https:\\\/\\\/trofeusabm.com\\\/ca\\\/producto\\\/placa-dhomenatge-en-vidre-amb-gravacio-personalitzada-4\\\/#breadcrumb\",\"itemListElement\":[{\"@type\":\"ListItem\",\"position\":1,\"name\":\"Portada\",\"item\":\"https:\\\/\\\/trofeusabm.com\\\/ca\\\/\"},{\"@type\":\"ListItem\",\"position\":2,\"name\":\"Botiga\",\"item\":\"https:\\\/\\\/trofeusabm.com\\\/tienda\\\/\"},{\"@type\":\"ListItem\",\"position\":3,\"name\":\"Placa d&#8217;Homenatge en Vidre amb Gravaci\u00f3 Personalitzada\"}]},{\"@type\":\"WebSite\",\"@id\":\"https:\\\/\\\/trofeusabm.com\\\/ca\\\/#website\",\"url\":\"https:\\\/\\\/trofeusabm.com\\\/ca\\\/\",\"name\":\"Trofeos ABM\",\"description\":\"\",\"publisher\":{\"@id\":\"https:\\\/\\\/trofeusabm.com\\\/ca\\\/#organization\"},\"potentialAction\":[{\"@type\":\"SearchAction\",\"target\":{\"@type\":\"EntryPoint\",\"urlTemplate\":\"https:\\\/\\\/trofeusabm.com\\\/ca\\\/?s={search_term_string}\"},\"query-input\":{\"@type\":\"PropertyValueSpecification\",\"valueRequired\":true,\"valueName\":\"search_term_string\"}}],\"inLanguage\":\"ca\"},{\"@type\":\"Organization\",\"@id\":\"https:\\\/\\\/trofeusabm.com\\\/ca\\\/#organization\",\"name\":\"Trofeos ABM\",\"url\":\"https:\\\/\\\/trofeusabm.com\\\/ca\\\/\",\"logo\":{\"@type\":\"ImageObject\",\"inLanguage\":\"ca\",\"@id\":\"https:\\\/\\\/trofeusabm.com\\\/ca\\\/#\\\/schema\\\/logo\\\/image\\\/\",\"url\":\"https:\\\/\\\/trofeusabm.com\\\/wp-content\\\/uploads\\\/2024\\\/08\\\/logo-1665059948.png\",\"contentUrl\":\"https:\\\/\\\/trofeusabm.com\\\/wp-content\\\/uploads\\\/2024\\\/08\\\/logo-1665059948.png\",\"width\":320,\"height\":80,\"caption\":\"Trofeos ABM\"},\"image\":{\"@id\":\"https:\\\/\\\/trofeusabm.com\\\/ca\\\/#\\\/schema\\\/logo\\\/image\\\/\"}}]}<\/script>\n<!-- \/ Yoast SEO Premium plugin. -->","yoast_head_json":{"title":"Placa d'Homenatge en Vidre amb Gravaci\u00f3 Personalitzada - Trofeos ABM","description":"Placa d'homenatge en vidre amb gravaci\u00f3 personalitzada a tot color. Dissenyat per Trofeus ABM.","robots":{"index":"index","follow":"follow","max-snippet":"max-snippet:-1","max-image-preview":"max-image-preview:large","max-video-preview":"max-video-preview:-1"},"canonical":"https:\/\/trofeusabm.com\/ca\/producto\/placa-dhomenatge-en-vidre-amb-gravacio-personalitzada-4\/","og_locale":"ca_ES","og_type":"article","og_title":"Placa d'Homenatge en Vidre amb Gravaci\u00f3 Personalitzada","og_description":"Placa d'homenatge en vidre amb gravaci\u00f3 personalitzada a tot color. Dissenyat per Trofeus ABM.","og_url":"https:\/\/trofeusabm.com\/ca\/producto\/placa-dhomenatge-en-vidre-amb-gravacio-personalitzada-4\/","og_site_name":"Trofeos ABM","og_image":[{"width":702,"height":697,"url":"https:\/\/trofeusabm.com\/wp-content\/uploads\/2024\/10\/97017.png","type":"image\/png"}],"twitter_card":"summary_large_image","schema":{"@context":"https:\/\/schema.org","@graph":[{"@type":"WebPage","@id":"https:\/\/trofeusabm.com\/ca\/producto\/placa-dhomenatge-en-vidre-amb-gravacio-personalitzada-4\/","url":"https:\/\/trofeusabm.com\/ca\/producto\/placa-dhomenatge-en-vidre-amb-gravacio-personalitzada-4\/","name":"Placa d'Homenatge en Vidre amb Gravaci\u00f3 Personalitzada - Trofeos ABM","isPartOf":{"@id":"https:\/\/trofeusabm.com\/ca\/#website"},"primaryImageOfPage":{"@id":"https:\/\/trofeusabm.com\/ca\/producto\/placa-dhomenatge-en-vidre-amb-gravacio-personalitzada-4\/#primaryimage"},"image":{"@id":"https:\/\/trofeusabm.com\/ca\/producto\/placa-dhomenatge-en-vidre-amb-gravacio-personalitzada-4\/#primaryimage"},"thumbnailUrl":"https:\/\/trofeusabm.com\/wp-content\/uploads\/2024\/10\/97017.png","datePublished":"2024-10-24T10:18:13+00:00","description":"Placa d'homenatge en vidre amb gravaci\u00f3 personalitzada a tot color. Dissenyat per Trofeus ABM.","breadcrumb":{"@id":"https:\/\/trofeusabm.com\/ca\/producto\/placa-dhomenatge-en-vidre-amb-gravacio-personalitzada-4\/#breadcrumb"},"inLanguage":"ca","potentialAction":[{"@type":"ReadAction","target":["https:\/\/trofeusabm.com\/ca\/producto\/placa-dhomenatge-en-vidre-amb-gravacio-personalitzada-4\/"]}]},{"@type":"ImageObject","inLanguage":"ca","@id":"https:\/\/trofeusabm.com\/ca\/producto\/placa-dhomenatge-en-vidre-amb-gravacio-personalitzada-4\/#primaryimage","url":"https:\/\/trofeusabm.com\/wp-content\/uploads\/2024\/10\/97017.png","contentUrl":"https:\/\/trofeusabm.com\/wp-content\/uploads\/2024\/10\/97017.png","width":702,"height":697,"caption":"97017"},{"@type":"BreadcrumbList","@id":"https:\/\/trofeusabm.com\/ca\/producto\/placa-dhomenatge-en-vidre-amb-gravacio-personalitzada-4\/#breadcrumb","itemListElement":[{"@type":"ListItem","position":1,"name":"Portada","item":"https:\/\/trofeusabm.com\/ca\/"},{"@type":"ListItem","position":2,"name":"Botiga","item":"https:\/\/trofeusabm.com\/tienda\/"},{"@type":"ListItem","position":3,"name":"Placa d&#8217;Homenatge en Vidre amb Gravaci\u00f3 Personalitzada"}]},{"@type":"WebSite","@id":"https:\/\/trofeusabm.com\/ca\/#website","url":"https:\/\/trofeusabm.com\/ca\/","name":"Trofeos ABM","description":"","publisher":{"@id":"https:\/\/trofeusabm.com\/ca\/#organization"},"potentialAction":[{"@type":"SearchAction","target":{"@type":"EntryPoint","urlTemplate":"https:\/\/trofeusabm.com\/ca\/?s={search_term_string}"},"query-input":{"@type":"PropertyValueSpecification","valueRequired":true,"valueName":"search_term_string"}}],"inLanguage":"ca"},{"@type":"Organization","@id":"https:\/\/trofeusabm.com\/ca\/#organization","name":"Trofeos ABM","url":"https:\/\/trofeusabm.com\/ca\/","logo":{"@type":"ImageObject","inLanguage":"ca","@id":"https:\/\/trofeusabm.com\/ca\/#\/schema\/logo\/image\/","url":"https:\/\/trofeusabm.com\/wp-content\/uploads\/2024\/08\/logo-1665059948.png","contentUrl":"https:\/\/trofeusabm.com\/wp-content\/uploads\/2024\/08\/logo-1665059948.png","width":320,"height":80,"caption":"Trofeos ABM"},"image":{"@id":"https:\/\/trofeusabm.com\/ca\/#\/schema\/logo\/image\/"}}]}},"_links":{"self":[{"href":"https:\/\/trofeusabm.com\/ca\/wp-json\/wp\/v2\/product\/3510","targetHints":{"allow":["GET"]}}],"collection":[{"href":"https:\/\/trofeusabm.com\/ca\/wp-json\/wp\/v2\/product"}],"about":[{"href":"https:\/\/trofeusabm.com\/ca\/wp-json\/wp\/v2\/types\/product"}],"replies":[{"embeddable":true,"href":"https:\/\/trofeusabm.com\/ca\/wp-json\/wp\/v2\/comments?post=3510"}],"version-history":[{"count":0,"href":"https:\/\/trofeusabm.com\/ca\/wp-json\/wp\/v2\/product\/3510\/revisions"}],"wp:featuredmedia":[{"embeddable":true,"href":"https:\/\/trofeusabm.com\/ca\/wp-json\/wp\/v2\/media\/3239"}],"wp:attachment":[{"href":"https:\/\/trofeusabm.com\/ca\/wp-json\/wp\/v2\/media?parent=3510"}],"wp:term":[{"taxonomy":"product_brand","embeddable":true,"href":"https:\/\/trofeusabm.com\/ca\/wp-json\/wp\/v2\/product_brand?post=3510"},{"taxonomy":"product_cat","embeddable":true,"href":"https:\/\/trofeusabm.com\/ca\/wp-json\/wp\/v2\/product_cat?post=3510"},{"taxonomy":"product_tag","embeddable":true,"href":"https:\/\/trofeusabm.com\/ca\/wp-json\/wp\/v2\/product_tag?post=3510"}],"curies":[{"name":"wp","href":"https:\/\/api.w.org\/{rel}","templated":true}]}}