{"id":4318,"date":"2024-11-13T17:55:54","date_gmt":"2024-11-13T16:55:54","guid":{"rendered":"http:\/\/trofeusabm.com.mialias.net\/producto\/trofeu-sostenible-en-fusta-de-faig-massis-amb-plaqueta-de-ferro\/"},"modified":"2024-11-29T10:23:20","modified_gmt":"2024-11-29T09:23:20","slug":"trofeu-sostenible-en-fusta-de-faig-massis-amb-plaqueta-de-ferro","status":"publish","type":"product","link":"https:\/\/trofeusabm.com\/ca\/producto\/trofeu-sostenible-en-fusta-de-faig-massis-amb-plaqueta-de-ferro\/","title":{"rendered":"Trofeu Sostenible en Fusta de Faig Mass\u00eds amb Plaqueta de Ferro"},"content":{"rendered":"<p>Aquest trofeu sostenible de fusta de faig mass\u00eds destaca per la seva s\u00f2lida estructura. Inclou una plaqueta de ferro negre i gravaci\u00f3 tant en l\u00e0ser sobre la fusta com en color en la plaqueta. Disponible en tots els esports.  Disponible en tots els productes.<\/p>\n","protected":false},"excerpt":{"rendered":"<p>Trofeu en fusta de faig mass\u00eds amb plaqueta de ferro negre. Gravaci\u00f3 en l\u00e0ser i a color. <\/p>\n","protected":false},"featured_media":4135,"comment_status":"open","ping_status":"closed","template":"","meta":[],"product_brand":[],"product_cat":[398],"product_tag":[],"class_list":{"0":"post-4318","1":"product","2":"type-product","3":"status-publish","4":"has-post-thumbnail","6":"product_cat-trofeus","7":"wcpa_has_options","9":"first","10":"instock","11":"taxable","12":"shipping-taxable","13":"purchasable","14":"product-type-variable"},"yoast_head":"<!-- This site is optimized with the Yoast SEO Premium plugin v22.8 (Yoast SEO v27.5) - https:\/\/yoast.com\/product\/yoast-seo-premium-wordpress\/ -->\n<title>Trofeu Sostenible en Fusta de Faig Mass\u00eds amb Plaqueta de Ferro - Trofeos ABM<\/title>\n<meta name=\"description\" content=\"Trofeu sostenible en fusta de faig mass\u00eds amb plaqueta de ferro negre. Gravaci\u00f3 en l\u00e0ser i a color. Dissenyat per Trofeus ABM.\" \/>\n<meta name=\"robots\" content=\"index, follow, max-snippet:-1, max-image-preview:large, max-video-preview:-1\" \/>\n<link rel=\"canonical\" href=\"https:\/\/trofeusabm.com\/ca\/producto\/trofeu-sostenible-en-fusta-de-faig-massis-amb-plaqueta-de-ferro\/\" \/>\n<meta property=\"og:locale\" content=\"ca_ES\" \/>\n<meta property=\"og:type\" content=\"article\" \/>\n<meta property=\"og:title\" content=\"Trofeu Sostenible en Fusta de Faig Mass\u00eds amb Plaqueta de Ferro\" \/>\n<meta property=\"og:description\" content=\"Trofeu sostenible en fusta de faig mass\u00eds amb plaqueta de ferro negre. Gravaci\u00f3 en l\u00e0ser i a color. Dissenyat per Trofeus ABM.\" \/>\n<meta property=\"og:url\" content=\"https:\/\/trofeusabm.com\/ca\/producto\/trofeu-sostenible-en-fusta-de-faig-massis-amb-plaqueta-de-ferro\/\" \/>\n<meta property=\"og:site_name\" content=\"Trofeos ABM\" \/>\n<meta property=\"article:modified_time\" content=\"2024-11-29T09:23:20+00:00\" \/>\n<meta property=\"og:image\" content=\"https:\/\/trofeusabm.com\/wp-content\/uploads\/2024\/11\/1124-1.jpg\" \/>\n\t<meta property=\"og:image:width\" content=\"600\" \/>\n\t<meta property=\"og:image:height\" content=\"600\" \/>\n\t<meta property=\"og:image:type\" content=\"image\/jpeg\" \/>\n<meta name=\"twitter:card\" content=\"summary_large_image\" \/>\n<script type=\"application\/ld+json\" class=\"yoast-schema-graph\">{\"@context\":\"https:\\\/\\\/schema.org\",\"@graph\":[{\"@type\":\"WebPage\",\"@id\":\"https:\\\/\\\/trofeusabm.com\\\/ca\\\/producto\\\/trofeu-sostenible-en-fusta-de-faig-massis-amb-plaqueta-de-ferro\\\/\",\"url\":\"https:\\\/\\\/trofeusabm.com\\\/ca\\\/producto\\\/trofeu-sostenible-en-fusta-de-faig-massis-amb-plaqueta-de-ferro\\\/\",\"name\":\"Trofeu Sostenible en Fusta de Faig Mass\u00eds amb Plaqueta de Ferro - Trofeos ABM\",\"isPartOf\":{\"@id\":\"https:\\\/\\\/trofeusabm.com\\\/ca\\\/#website\"},\"primaryImageOfPage\":{\"@id\":\"https:\\\/\\\/trofeusabm.com\\\/ca\\\/producto\\\/trofeu-sostenible-en-fusta-de-faig-massis-amb-plaqueta-de-ferro\\\/#primaryimage\"},\"image\":{\"@id\":\"https:\\\/\\\/trofeusabm.com\\\/ca\\\/producto\\\/trofeu-sostenible-en-fusta-de-faig-massis-amb-plaqueta-de-ferro\\\/#primaryimage\"},\"thumbnailUrl\":\"https:\\\/\\\/trofeusabm.com\\\/wp-content\\\/uploads\\\/2024\\\/11\\\/1124-1.jpg\",\"datePublished\":\"2024-11-13T16:55:54+00:00\",\"dateModified\":\"2024-11-29T09:23:20+00:00\",\"description\":\"Trofeu sostenible en fusta de faig mass\u00eds amb plaqueta de ferro negre. Gravaci\u00f3 en l\u00e0ser i a color. Dissenyat per Trofeus ABM.\",\"breadcrumb\":{\"@id\":\"https:\\\/\\\/trofeusabm.com\\\/ca\\\/producto\\\/trofeu-sostenible-en-fusta-de-faig-massis-amb-plaqueta-de-ferro\\\/#breadcrumb\"},\"inLanguage\":\"ca\",\"potentialAction\":[{\"@type\":\"ReadAction\",\"target\":[\"https:\\\/\\\/trofeusabm.com\\\/ca\\\/producto\\\/trofeu-sostenible-en-fusta-de-faig-massis-amb-plaqueta-de-ferro\\\/\"]}]},{\"@type\":\"ImageObject\",\"inLanguage\":\"ca\",\"@id\":\"https:\\\/\\\/trofeusabm.com\\\/ca\\\/producto\\\/trofeu-sostenible-en-fusta-de-faig-massis-amb-plaqueta-de-ferro\\\/#primaryimage\",\"url\":\"https:\\\/\\\/trofeusabm.com\\\/wp-content\\\/uploads\\\/2024\\\/11\\\/1124-1.jpg\",\"contentUrl\":\"https:\\\/\\\/trofeusabm.com\\\/wp-content\\\/uploads\\\/2024\\\/11\\\/1124-1.jpg\",\"width\":600,\"height\":600,\"caption\":\"Trofeu Sostenible en Fusta de Faig Mass\u00eds amb Plaqueta de Ferro\"},{\"@type\":\"BreadcrumbList\",\"@id\":\"https:\\\/\\\/trofeusabm.com\\\/ca\\\/producto\\\/trofeu-sostenible-en-fusta-de-faig-massis-amb-plaqueta-de-ferro\\\/#breadcrumb\",\"itemListElement\":[{\"@type\":\"ListItem\",\"position\":1,\"name\":\"Portada\",\"item\":\"https:\\\/\\\/trofeusabm.com\\\/ca\\\/\"},{\"@type\":\"ListItem\",\"position\":2,\"name\":\"Botiga\",\"item\":\"https:\\\/\\\/trofeusabm.com\\\/tienda\\\/\"},{\"@type\":\"ListItem\",\"position\":3,\"name\":\"Trofeu Sostenible en Fusta de Faig Mass\u00eds amb Plaqueta de Ferro\"}]},{\"@type\":\"WebSite\",\"@id\":\"https:\\\/\\\/trofeusabm.com\\\/ca\\\/#website\",\"url\":\"https:\\\/\\\/trofeusabm.com\\\/ca\\\/\",\"name\":\"Trofeos ABM\",\"description\":\"\",\"publisher\":{\"@id\":\"https:\\\/\\\/trofeusabm.com\\\/ca\\\/#organization\"},\"potentialAction\":[{\"@type\":\"SearchAction\",\"target\":{\"@type\":\"EntryPoint\",\"urlTemplate\":\"https:\\\/\\\/trofeusabm.com\\\/ca\\\/?s={search_term_string}\"},\"query-input\":{\"@type\":\"PropertyValueSpecification\",\"valueRequired\":true,\"valueName\":\"search_term_string\"}}],\"inLanguage\":\"ca\"},{\"@type\":\"Organization\",\"@id\":\"https:\\\/\\\/trofeusabm.com\\\/ca\\\/#organization\",\"name\":\"Trofeos ABM\",\"url\":\"https:\\\/\\\/trofeusabm.com\\\/ca\\\/\",\"logo\":{\"@type\":\"ImageObject\",\"inLanguage\":\"ca\",\"@id\":\"https:\\\/\\\/trofeusabm.com\\\/ca\\\/#\\\/schema\\\/logo\\\/image\\\/\",\"url\":\"https:\\\/\\\/trofeusabm.com\\\/wp-content\\\/uploads\\\/2024\\\/08\\\/logo-1665059948.png\",\"contentUrl\":\"https:\\\/\\\/trofeusabm.com\\\/wp-content\\\/uploads\\\/2024\\\/08\\\/logo-1665059948.png\",\"width\":320,\"height\":80,\"caption\":\"Trofeos ABM\"},\"image\":{\"@id\":\"https:\\\/\\\/trofeusabm.com\\\/ca\\\/#\\\/schema\\\/logo\\\/image\\\/\"}}]}<\/script>\n<!-- \/ Yoast SEO Premium plugin. -->","yoast_head_json":{"title":"Trofeu Sostenible en Fusta de Faig Mass\u00eds amb Plaqueta de Ferro - Trofeos ABM","description":"Trofeu sostenible en fusta de faig mass\u00eds amb plaqueta de ferro negre. Gravaci\u00f3 en l\u00e0ser i a color. Dissenyat per Trofeus ABM.","robots":{"index":"index","follow":"follow","max-snippet":"max-snippet:-1","max-image-preview":"max-image-preview:large","max-video-preview":"max-video-preview:-1"},"canonical":"https:\/\/trofeusabm.com\/ca\/producto\/trofeu-sostenible-en-fusta-de-faig-massis-amb-plaqueta-de-ferro\/","og_locale":"ca_ES","og_type":"article","og_title":"Trofeu Sostenible en Fusta de Faig Mass\u00eds amb Plaqueta de Ferro","og_description":"Trofeu sostenible en fusta de faig mass\u00eds amb plaqueta de ferro negre. Gravaci\u00f3 en l\u00e0ser i a color. Dissenyat per Trofeus ABM.","og_url":"https:\/\/trofeusabm.com\/ca\/producto\/trofeu-sostenible-en-fusta-de-faig-massis-amb-plaqueta-de-ferro\/","og_site_name":"Trofeos ABM","article_modified_time":"2024-11-29T09:23:20+00:00","og_image":[{"width":600,"height":600,"url":"https:\/\/trofeusabm.com\/wp-content\/uploads\/2024\/11\/1124-1.jpg","type":"image\/jpeg"}],"twitter_card":"summary_large_image","schema":{"@context":"https:\/\/schema.org","@graph":[{"@type":"WebPage","@id":"https:\/\/trofeusabm.com\/ca\/producto\/trofeu-sostenible-en-fusta-de-faig-massis-amb-plaqueta-de-ferro\/","url":"https:\/\/trofeusabm.com\/ca\/producto\/trofeu-sostenible-en-fusta-de-faig-massis-amb-plaqueta-de-ferro\/","name":"Trofeu Sostenible en Fusta de Faig Mass\u00eds amb Plaqueta de Ferro - Trofeos ABM","isPartOf":{"@id":"https:\/\/trofeusabm.com\/ca\/#website"},"primaryImageOfPage":{"@id":"https:\/\/trofeusabm.com\/ca\/producto\/trofeu-sostenible-en-fusta-de-faig-massis-amb-plaqueta-de-ferro\/#primaryimage"},"image":{"@id":"https:\/\/trofeusabm.com\/ca\/producto\/trofeu-sostenible-en-fusta-de-faig-massis-amb-plaqueta-de-ferro\/#primaryimage"},"thumbnailUrl":"https:\/\/trofeusabm.com\/wp-content\/uploads\/2024\/11\/1124-1.jpg","datePublished":"2024-11-13T16:55:54+00:00","dateModified":"2024-11-29T09:23:20+00:00","description":"Trofeu sostenible en fusta de faig mass\u00eds amb plaqueta de ferro negre. Gravaci\u00f3 en l\u00e0ser i a color. Dissenyat per Trofeus ABM.","breadcrumb":{"@id":"https:\/\/trofeusabm.com\/ca\/producto\/trofeu-sostenible-en-fusta-de-faig-massis-amb-plaqueta-de-ferro\/#breadcrumb"},"inLanguage":"ca","potentialAction":[{"@type":"ReadAction","target":["https:\/\/trofeusabm.com\/ca\/producto\/trofeu-sostenible-en-fusta-de-faig-massis-amb-plaqueta-de-ferro\/"]}]},{"@type":"ImageObject","inLanguage":"ca","@id":"https:\/\/trofeusabm.com\/ca\/producto\/trofeu-sostenible-en-fusta-de-faig-massis-amb-plaqueta-de-ferro\/#primaryimage","url":"https:\/\/trofeusabm.com\/wp-content\/uploads\/2024\/11\/1124-1.jpg","contentUrl":"https:\/\/trofeusabm.com\/wp-content\/uploads\/2024\/11\/1124-1.jpg","width":600,"height":600,"caption":"Trofeu Sostenible en Fusta de Faig Mass\u00eds amb Plaqueta de Ferro"},{"@type":"BreadcrumbList","@id":"https:\/\/trofeusabm.com\/ca\/producto\/trofeu-sostenible-en-fusta-de-faig-massis-amb-plaqueta-de-ferro\/#breadcrumb","itemListElement":[{"@type":"ListItem","position":1,"name":"Portada","item":"https:\/\/trofeusabm.com\/ca\/"},{"@type":"ListItem","position":2,"name":"Botiga","item":"https:\/\/trofeusabm.com\/tienda\/"},{"@type":"ListItem","position":3,"name":"Trofeu Sostenible en Fusta de Faig Mass\u00eds amb Plaqueta de Ferro"}]},{"@type":"WebSite","@id":"https:\/\/trofeusabm.com\/ca\/#website","url":"https:\/\/trofeusabm.com\/ca\/","name":"Trofeos ABM","description":"","publisher":{"@id":"https:\/\/trofeusabm.com\/ca\/#organization"},"potentialAction":[{"@type":"SearchAction","target":{"@type":"EntryPoint","urlTemplate":"https:\/\/trofeusabm.com\/ca\/?s={search_term_string}"},"query-input":{"@type":"PropertyValueSpecification","valueRequired":true,"valueName":"search_term_string"}}],"inLanguage":"ca"},{"@type":"Organization","@id":"https:\/\/trofeusabm.com\/ca\/#organization","name":"Trofeos ABM","url":"https:\/\/trofeusabm.com\/ca\/","logo":{"@type":"ImageObject","inLanguage":"ca","@id":"https:\/\/trofeusabm.com\/ca\/#\/schema\/logo\/image\/","url":"https:\/\/trofeusabm.com\/wp-content\/uploads\/2024\/08\/logo-1665059948.png","contentUrl":"https:\/\/trofeusabm.com\/wp-content\/uploads\/2024\/08\/logo-1665059948.png","width":320,"height":80,"caption":"Trofeos ABM"},"image":{"@id":"https:\/\/trofeusabm.com\/ca\/#\/schema\/logo\/image\/"}}]}},"_links":{"self":[{"href":"https:\/\/trofeusabm.com\/ca\/wp-json\/wp\/v2\/product\/4318","targetHints":{"allow":["GET"]}}],"collection":[{"href":"https:\/\/trofeusabm.com\/ca\/wp-json\/wp\/v2\/product"}],"about":[{"href":"https:\/\/trofeusabm.com\/ca\/wp-json\/wp\/v2\/types\/product"}],"replies":[{"embeddable":true,"href":"https:\/\/trofeusabm.com\/ca\/wp-json\/wp\/v2\/comments?post=4318"}],"version-history":[{"count":1,"href":"https:\/\/trofeusabm.com\/ca\/wp-json\/wp\/v2\/product\/4318\/revisions"}],"predecessor-version":[{"id":9939,"href":"https:\/\/trofeusabm.com\/ca\/wp-json\/wp\/v2\/product\/4318\/revisions\/9939"}],"wp:featuredmedia":[{"embeddable":true,"href":"https:\/\/trofeusabm.com\/ca\/wp-json\/wp\/v2\/media\/4135"}],"wp:attachment":[{"href":"https:\/\/trofeusabm.com\/ca\/wp-json\/wp\/v2\/media?parent=4318"}],"wp:term":[{"taxonomy":"product_brand","embeddable":true,"href":"https:\/\/trofeusabm.com\/ca\/wp-json\/wp\/v2\/product_brand?post=4318"},{"taxonomy":"product_cat","embeddable":true,"href":"https:\/\/trofeusabm.com\/ca\/wp-json\/wp\/v2\/product_cat?post=4318"},{"taxonomy":"product_tag","embeddable":true,"href":"https:\/\/trofeusabm.com\/ca\/wp-json\/wp\/v2\/product_tag?post=4318"}],"curies":[{"name":"wp","href":"https:\/\/api.w.org\/{rel}","templated":true}]}}